{"id":6882,"date":"2024-11-26T03:36:25","date_gmt":"2024-11-26T02:36:25","guid":{"rendered":"https:\/\/www.siestamarmenorca.com\/terminos-y-condiciones-copy\/"},"modified":"2026-04-14T12:33:22","modified_gmt":"2026-04-14T11:33:22","slug":"politica-de-cookies","status":"publish","type":"page","link":"https:\/\/siestamarmenorca.com\/fr\/politica-de-cookies\/","title":{"rendered":"Politique en mati\u00e8re de cookies"},"content":{"rendered":"<div data-elementor-type=\"wp-page\" data-elementor-id=\"6882\" class=\"elementor elementor-6882\">\n\t\t\t\t\t\t<section class=\"elementor-section elementor-top-section elementor-element elementor-element-8fef7a3 elementor-section-boxed elementor-section-gap-beside-yes elementor-section-height-default elementor-section-height-default elementor-section-content-align-center elementor-section-column-vertical-align-stretch\" data-id=\"8fef7a3\" data-element_type=\"section\" data-e-type=\"section\">\n\t\t\t\t\t\t<div class=\"elementor-container elementor-column-gap-extended\">\n\t\t\t\t\t<div class=\"elementor-column elementor-col-100 elementor-top-column elementor-element elementor-element-46d479c8\" data-id=\"46d479c8\" data-element_type=\"column\" data-e-type=\"column\">\n\t\t\t<div class=\"elementor-widget-wrap elementor-element-populated\">\n\t\t\t\t\t\t<div class=\"elementor-element elementor-element-1d284f1 elementor-widget__width-initial elementor-widget elementor-widget-heading\" data-id=\"1d284f1\" data-element_type=\"widget\" data-e-type=\"widget\" data-widget_type=\"heading.default\">\n\t\t\t\t<div class=\"elementor-widget-container\">\n\t\t\t\t\t<h2 class=\"elementor-heading-title elementor-size-default\">POLITIQUE EN MATI\u00c8RE DE COOKIES<\/h2>\t\t\t\t<\/div>\n\t\t\t\t<\/div>\n\t\t\t\t<div class=\"elementor-element elementor-element-6653384d elementor-widget elementor-widget-text-editor\" data-id=\"6653384d\" data-element_type=\"widget\" data-e-type=\"widget\" data-widget_type=\"text-editor.default\">\n\t\t\t\t<div class=\"elementor-widget-container\">\n\t\t\t\t\t\t\t\t\t<p>\u00daltima actualizaci\u00f3n: 14 de Abril de 2026.<\/p><p><span style=\"font-weight: 400;\">Dans <\/span><b>Orfila Sternal SLU<\/b><span style=\"font-weight: 400;\"> (en adelante, &#8220;Siestamar Menorca&#8221;), utilizamos cookies y tecnolog\u00edas similares para garantizar el correcto funcionamiento de nuestro sitio web y mejorar la experiencia del Usuario. A continuaci\u00f3n, explicamos qu\u00e9 son las cookies, para qu\u00e9 las usamos y c\u00f3mo puede configurarlas o desactivarlas.<\/span><\/p><ol><li><span style=\"text-decoration: underline;\"><b> QUE SONT LES COOKIES?<\/b><\/span><\/li><\/ol><p><span style=\"font-weight: 400;\">Les Cookies sont de petits fichiers texte qui sont t\u00e9l\u00e9charg\u00e9s sur votre appareil (ordinateur, smartphone, tablette, etc) lorsque vous visitez un site web. Vous permettent de stocker et de r\u00e9cup\u00e9rer des informations sur vos habitudes de navigation ou de votre appareil, et sur cette base d&#039;informations, peuvent \u00eatre utilis\u00e9s pour vous reconna\u00eetre.<\/span><\/p><ol start=\"2\"><li><span style=\"text-decoration: underline;\"><b> LES TYPES DE COOKIES QUE NOUS UTILISONS<\/b><\/span><\/li><\/ol><p><span style=\"font-weight: 400;\">En Siestamar Menorca utilizamos las siguientes categor\u00edas de cookies:<\/span><\/p><p><b>2.1. Selon leur objet:<\/b><\/p><ul><li style=\"font-weight: 400;\" aria-level=\"1\"><b>Les Cookies Techniques<\/b><span style=\"font-weight: 400;\">: Sont essentiels pour le fonctionnement du site, permettant \u00e0 l&#039;Utilisateur de naviguer et d&#039;utiliser ses fonctions de base.<\/span><\/li><li style=\"font-weight: 400;\" aria-level=\"1\"><b>Cookies de personnalisation<\/b><span style=\"font-weight: 400;\">: Nous permettre de nous souvenir de vos pr\u00e9f\u00e9rences (comme la langue, les param\u00e8tres r\u00e9gionaux).<\/span><\/li><li style=\"font-weight: 400;\" aria-level=\"1\"><b>Les Cookies Analytics<\/b><span style=\"font-weight: 400;\">: Recueillir des informations sur l&#039;utilisation de l&#039;internet, telles que les pages visit\u00e9es ou les temps de navigation, dans le but d&#039;am\u00e9liorer l&#039;exp\u00e9rience Utilisateur.<\/span><\/li><li style=\"font-weight: 400;\" aria-level=\"1\"><b>Les Cookies de publicit\u00e9<\/b><span style=\"font-weight: 400;\">: Gestion des espaces publicitaires en fonction de crit\u00e8res tels que le contenu ou la fr\u00e9quence avec laquelle les annonces sont affich\u00e9es.<\/span><\/li><li style=\"font-weight: 400;\" aria-level=\"1\"><b>Les Cookies de publicit\u00e9 comportementale<\/b><span style=\"font-weight: 400;\">: Pour vous permettre d&#039;afficher la publicit\u00e9 personnalis\u00e9e bas\u00e9e sur vos habitudes de navigation de l&#039;Utilisateur.<\/span><\/li><\/ul><p><b>2.2. Selon sa dur\u00e9e:<\/b><\/p><ul><li style=\"font-weight: 400;\" aria-level=\"1\"><b>Les Cookies De Session<\/b><span style=\"font-weight: 400;\">: Sont supprim\u00e9s lorsque vous fermez votre navigateur.<\/span><\/li><li style=\"font-weight: 400;\" aria-level=\"1\"><b>Les Cookies Persistants<\/b><span style=\"font-weight: 400;\">Rester sur le p\u00e9riph\u00e9rique de l&#039;Utilisateur, pour une p\u00e9riode d\u00e9finie, qui peut varier en fonction de la finalit\u00e9 du cookie.<\/span><\/li><\/ul><p><b>2.3. En fonction de votre propri\u00e9t\u00e9:<\/b><\/p><ul><li style=\"font-weight: 400;\" aria-level=\"1\"><b>Cookies de tierces parties<\/b><span style=\"font-weight: 400;\">: Son gestionadas directamente por Siestamar Menorca.<\/span><\/li><li style=\"font-weight: 400;\" aria-level=\"1\"><b>Les Cookies de tierce partie<\/b><span style=\"font-weight: 400;\">: Sont exploit\u00e9s par des tiers autoris\u00e9 fournisseurs (tels que Google Analytics).<\/span><\/li><\/ul><ol start=\"3\"><li><span style=\"text-decoration: underline;\"><b> LES COOKIES QUE NOUS UTILISONS SUR CE SITE WEB<\/b><\/span><\/li><\/ol><p><span style=\"font-weight: 400;\">Ci-dessous, nous avons le d\u00e9tail des cookies utilis\u00e9s sur notre site web:<\/span><\/p><table><thead><tr><th><b>Nom du Cookie<\/b><\/th><th><b>But<\/b><\/th><th><b>Dur\u00e9e<\/b><\/th><th><b>La propri\u00e9t\u00e9<\/b><\/th><\/tr><\/thead><tbody><tr><td><span style=\"font-weight: 400;\">PHPSESSID<\/span><\/td><td><span style=\"font-weight: 400;\">Gestion de Session<\/span><\/td><td><span style=\"font-weight: 400;\">Session<\/span><\/td><td><span style=\"font-weight: 400;\">Propre<\/span><\/td><\/tr><tr><td><span style=\"font-weight: 400;\">_ga<\/span><\/td><td><span style=\"font-weight: 400;\">Analyse des visites<\/span><\/td><td><span style=\"font-weight: 400;\">2 ans<\/span><\/td><td><span style=\"font-weight: 400;\">Google Analytics<\/span><\/td><\/tr><tr><td><span style=\"font-weight: 400;\">cookie_consent<\/span><\/td><td><span style=\"font-weight: 400;\">Stocker les pr\u00e9f\u00e9rences<\/span><\/td><td><span style=\"font-weight: 400;\">1 an<\/span><\/td><td><span style=\"font-weight: 400;\">Propre<\/span><\/td><\/tr><\/tbody><\/table><ol start=\"4\"><li><span style=\"text-decoration: underline;\"><b> LA GESTION DES COOKIES<\/b><\/span><\/li><\/ol><p><b>4.1. Les param\u00e8tres du navigateur<\/b><\/p><p><span style=\"font-weight: 400;\">Vous pouvez configurer votre navigateur pour accepter ou rejeter tous les cookies ou de recevoir un avertissement avant l&#039;installation. La proc\u00e9dure varie selon le navigateur utilis\u00e9. Voici des liens vers des instructions de configuration pour les navigateurs les plus courants:<\/span><\/p><ul><li style=\"font-weight: 400;\" aria-level=\"1\"><a href=\"https:\/\/support.google.com\/chrome\/answer\/95647\"><span style=\"font-weight: 400;\">Google Chrome<\/span><\/a><\/li><li style=\"font-weight: 400;\" aria-level=\"1\"><a href=\"https:\/\/support.mozilla.org\/es\/kb\/cookies-informacion-que-los-sitios-web-guardan-en-\"><span style=\"font-weight: 400;\">Mozilla Firefox<\/span><\/a><\/li><li style=\"font-weight: 400;\" aria-level=\"1\"><a href=\"https:\/\/support.microsoft.com\/es-es\/microsoft-edge\/eliminar-cookies-en-microsoft-edge-63947406-40ac-c3b8-57b9-2a946a29ae09\"><span style=\"font-weight: 400;\">Microsoft Bord<\/span><\/a><\/li><li style=\"font-weight: 400;\" aria-level=\"1\"><a href=\"https:\/\/support.apple.com\/es-es\/guide\/safari\/sfri11471\/mac\"><span style=\"font-weight: 400;\">Safari<\/span><\/a><\/li><\/ul><p><b>4.2. La Configuration \u00e0 partir du site web<\/b><\/p><p><span style=\"font-weight: 400;\">\u00c0 tout moment, vous pouvez g\u00e9rer ou modifier vos pr\u00e9f\u00e9rences de cookies \u00e0 partir de la banni\u00e8re ou la section de configuration d&#039;activer les cookies sur ce site.<\/span><\/p><ol start=\"5\"><li><span style=\"text-decoration: underline;\"><b> CONSENTEMENT<\/b><\/span><\/li><\/ol><p><span style=\"font-weight: 400;\">Pour parcourir notre site web pour la premi\u00e8re fois, il vous sera pr\u00e9sent\u00e9 une banni\u00e8re avec des informations sur l&#039;utilisation des cookies. Si vous acceptez ou poursuivant votre navigation, vous acceptez l&#039;installation de cookies d\u00e9crites, \u00e0 l&#039;exception que vous configurez votre navigateur pour refuser ces cookies.<\/span><\/p><ol start=\"6\"><li><span style=\"text-decoration: underline;\"><b> MISES \u00c0 JOUR ET MODIFICATIONS DE LA POLITIQUE EN MATI\u00c8RE DE COOKIES<\/b><\/span><\/li><\/ol><p><span style=\"font-weight: 400;\">Siestamar Menorca se reserva el derecho de modificar esta Pol\u00edtica de Cookies en funci\u00f3n de requisitos legales o t\u00e9cnicos. Las actualizaciones ser\u00e1n publicadas en esta p\u00e1gina, indicando la fecha de la \u00faltima actualizaci\u00f3n.<\/span><\/p>\t\t\t\t\t\t\t\t<\/div>\n\t\t\t\t<\/div>\n\t\t\t\t\t<\/div>\n\t\t<\/div>\n\t\t\t\t\t<\/div>\n\t\t<\/section>\n\t\t\t\t<\/div>","protected":false},"excerpt":{"rendered":"<p>POL\u00cdTICA DE COOKIES \u00daltima actualizaci\u00f3n: 14 de Abril de 2026. En Orfila Sternal SLU (en adelante, &#8220;Siestamar Menorca&#8221;), utilizamos cookies y tecnolog\u00edas similares para garantizar el correcto funcionamiento de nuestro sitio web y mejorar la experiencia del Usuario. A continuaci\u00f3n, explicamos qu\u00e9 son las cookies, para qu\u00e9 las usamos y c\u00f3mo puede configurarlas o desactivarlas. [&hellip;]<\/p>\n","protected":false},"author":2,"featured_media":0,"parent":0,"menu_order":0,"comment_status":"closed","ping_status":"closed","template":"","meta":{"footnotes":""},"class_list":["post-6882","page","type-page","status-publish","hentry","post-no-thumbnail"],"yoast_head":"<!-- This site is optimized with the Yoast SEO plugin v27.2 - https:\/\/yoast.com\/product\/yoast-seo-wordpress\/ -->\n<title>Pol\u00edtica de cookies | Siesta Mar<\/title>\n<meta name=\"robots\" content=\"index, follow, max-snippet:-1, max-image-preview:large, max-video-preview:-1\" \/>\n<link rel=\"canonical\" href=\"https:\/\/siestamarmenorca.com\/fr\/politica-de-cookies\/\" \/>\n<meta property=\"og:locale\" content=\"fr_FR\" \/>\n<meta property=\"og:type\" content=\"article\" \/>\n<meta property=\"og:title\" content=\"Pol\u00edtica de cookies | Siesta Mar\" \/>\n<meta property=\"og:description\" content=\"POL\u00cdTICA DE COOKIES \u00daltima actualizaci\u00f3n: 14 de Abril de 2026. En Orfila Sternal SLU (en adelante, &#8220;Siestamar Menorca&#8221;), utilizamos cookies y tecnolog\u00edas similares para garantizar el correcto funcionamiento de nuestro sitio web y mejorar la experiencia del Usuario. A continuaci\u00f3n, explicamos qu\u00e9 son las cookies, para qu\u00e9 las usamos y c\u00f3mo puede configurarlas o desactivarlas. [&hellip;]\" \/>\n<meta property=\"og:url\" content=\"https:\/\/siestamarmenorca.com\/fr\/politica-de-cookies\/\" \/>\n<meta property=\"og:site_name\" content=\"Siesta Mar\" \/>\n<meta property=\"article:publisher\" content=\"https:\/\/www.facebook.com\/galdaxproperties\" \/>\n<meta property=\"article:modified_time\" content=\"2026-04-14T11:33:22+00:00\" \/>\n<meta name=\"twitter:card\" content=\"summary_large_image\" \/>\n<meta name=\"twitter:label1\" content=\"Dur\u00e9e de lecture estim\u00e9e\" \/>\n\t<meta name=\"twitter:data1\" content=\"3 minutes\" \/>\n<script type=\"application\/ld+json\" class=\"yoast-schema-graph\">{\"@context\":\"https:\/\/schema.org\",\"@graph\":[{\"@type\":\"WebPage\",\"@id\":\"https:\/\/siestamarmenorca.com\/politica-de-cookies\/\",\"url\":\"https:\/\/siestamarmenorca.com\/politica-de-cookies\/\",\"name\":\"Pol\u00edtica de cookies | Siesta Mar\",\"isPartOf\":{\"@id\":\"https:\/\/siestamarmenorca.com\/#website\"},\"datePublished\":\"2024-11-26T02:36:25+00:00\",\"dateModified\":\"2026-04-14T11:33:22+00:00\",\"breadcrumb\":{\"@id\":\"https:\/\/siestamarmenorca.com\/politica-de-cookies\/#breadcrumb\"},\"inLanguage\":\"fr-FR\",\"potentialAction\":[{\"@type\":\"ReadAction\",\"target\":[\"https:\/\/siestamarmenorca.com\/politica-de-cookies\/\"]}]},{\"@type\":\"BreadcrumbList\",\"@id\":\"https:\/\/siestamarmenorca.com\/politica-de-cookies\/#breadcrumb\",\"itemListElement\":[{\"@type\":\"ListItem\",\"position\":1,\"name\":\"Home\",\"item\":\"https:\/\/siestamarmenorca.com\/\"},{\"@type\":\"ListItem\",\"position\":2,\"name\":\"Pol\u00edtica de cookies\"}]},{\"@type\":\"WebSite\",\"@id\":\"https:\/\/siestamarmenorca.com\/#website\",\"url\":\"https:\/\/siestamarmenorca.com\/\",\"name\":\"Siesta Mar | Alquiler de apartamentos en Menorca\",\"description\":\"\",\"publisher\":{\"@id\":\"https:\/\/siestamarmenorca.com\/#organization\"},\"potentialAction\":[{\"@type\":\"SearchAction\",\"target\":{\"@type\":\"EntryPoint\",\"urlTemplate\":\"https:\/\/siestamarmenorca.com\/?s={search_term_string}\"},\"query-input\":{\"@type\":\"PropertyValueSpecification\",\"valueRequired\":true,\"valueName\":\"search_term_string\"}}],\"inLanguage\":\"fr-FR\"},{\"@type\":\"Organization\",\"@id\":\"https:\/\/siestamarmenorca.com\/#organization\",\"name\":\"Siesta Mar | Alquiler de apartamentos en Menorca\",\"url\":\"https:\/\/siestamarmenorca.com\/\",\"logo\":{\"@type\":\"ImageObject\",\"inLanguage\":\"fr-FR\",\"@id\":\"https:\/\/siestamarmenorca.com\/#\/schema\/logo\/image\/\",\"url\":\"https:\/\/www.siestamarmenorca.com\/wp-content\/uploads\/2024\/12\/favicon.png\",\"contentUrl\":\"https:\/\/www.siestamarmenorca.com\/wp-content\/uploads\/2024\/12\/favicon.png\",\"width\":500,\"height\":500,\"caption\":\"Siesta Mar | Alquiler de apartamentos en Menorca\"},\"image\":{\"@id\":\"https:\/\/siestamarmenorca.com\/#\/schema\/logo\/image\/\"},\"sameAs\":[\"https:\/\/www.facebook.com\/galdaxproperties\",\"https:\/\/instagram.com\/galdaxproperties\"]}]}<\/script>\n<!-- \/ Yoast SEO plugin. -->","yoast_head_json":{"title":"Politique en mati\u00e8re de cookies | Siesta Mar","robots":{"index":"index","follow":"follow","max-snippet":"max-snippet:-1","max-image-preview":"max-image-preview:large","max-video-preview":"max-video-preview:-1"},"canonical":"https:\/\/siestamarmenorca.com\/fr\/politica-de-cookies\/","og_locale":"fr_FR","og_type":"article","og_title":"Pol\u00edtica de cookies | Siesta Mar","og_description":"POL\u00cdTICA DE COOKIES \u00daltima actualizaci\u00f3n: 14 de Abril de 2026. En Orfila Sternal SLU (en adelante, &#8220;Siestamar Menorca&#8221;), utilizamos cookies y tecnolog\u00edas similares para garantizar el correcto funcionamiento de nuestro sitio web y mejorar la experiencia del Usuario. A continuaci\u00f3n, explicamos qu\u00e9 son las cookies, para qu\u00e9 las usamos y c\u00f3mo puede configurarlas o desactivarlas. [&hellip;]","og_url":"https:\/\/siestamarmenorca.com\/fr\/politica-de-cookies\/","og_site_name":"Siesta Mar","article_publisher":"https:\/\/www.facebook.com\/galdaxproperties","article_modified_time":"2026-04-14T11:33:22+00:00","twitter_card":"summary_large_image","twitter_misc":{"Dur\u00e9e de lecture estim\u00e9e":"3 minutes"},"schema":{"@context":"https:\/\/schema.org","@graph":[{"@type":"WebPage","@id":"https:\/\/siestamarmenorca.com\/politica-de-cookies\/","url":"https:\/\/siestamarmenorca.com\/politica-de-cookies\/","name":"Politique en mati\u00e8re de cookies | Siesta Mar","isPartOf":{"@id":"https:\/\/siestamarmenorca.com\/#website"},"datePublished":"2024-11-26T02:36:25+00:00","dateModified":"2026-04-14T11:33:22+00:00","breadcrumb":{"@id":"https:\/\/siestamarmenorca.com\/politica-de-cookies\/#breadcrumb"},"inLanguage":"fr-FR","potentialAction":[{"@type":"ReadAction","target":["https:\/\/siestamarmenorca.com\/politica-de-cookies\/"]}]},{"@type":"BreadcrumbList","@id":"https:\/\/siestamarmenorca.com\/politica-de-cookies\/#breadcrumb","itemListElement":[{"@type":"ListItem","position":1,"name":"Home","item":"https:\/\/siestamarmenorca.com\/"},{"@type":"ListItem","position":2,"name":"Pol\u00edtica de cookies"}]},{"@type":"WebSite","@id":"https:\/\/siestamarmenorca.com\/#website","url":"https:\/\/siestamarmenorca.com\/","name":"Siesta Mar | Appartements \u00e0 Louer \u00e0 Minorque","description":"","publisher":{"@id":"https:\/\/siestamarmenorca.com\/#organization"},"potentialAction":[{"@type":"SearchAction","target":{"@type":"EntryPoint","urlTemplate":"https:\/\/siestamarmenorca.com\/?s={search_term_string}"},"query-input":{"@type":"PropertyValueSpecification","valueRequired":true,"valueName":"search_term_string"}}],"inLanguage":"fr-FR"},{"@type":"Organization","@id":"https:\/\/siestamarmenorca.com\/#organization","name":"Siesta Mar | Appartements \u00e0 Louer \u00e0 Minorque","url":"https:\/\/siestamarmenorca.com\/","logo":{"@type":"ImageObject","inLanguage":"fr-FR","@id":"https:\/\/siestamarmenorca.com\/#\/schema\/logo\/image\/","url":"https:\/\/www.siestamarmenorca.com\/wp-content\/uploads\/2024\/12\/favicon.png","contentUrl":"https:\/\/www.siestamarmenorca.com\/wp-content\/uploads\/2024\/12\/favicon.png","width":500,"height":500,"caption":"Siesta Mar | Alquiler de apartamentos en Menorca"},"image":{"@id":"https:\/\/siestamarmenorca.com\/#\/schema\/logo\/image\/"},"sameAs":["https:\/\/www.facebook.com\/galdaxproperties","https:\/\/instagram.com\/galdaxproperties"]}]}},"_links":{"self":[{"href":"https:\/\/siestamarmenorca.com\/fr\/wp-json\/wp\/v2\/pages\/6882","targetHints":{"allow":["GET"]}}],"collection":[{"href":"https:\/\/siestamarmenorca.com\/fr\/wp-json\/wp\/v2\/pages"}],"about":[{"href":"https:\/\/siestamarmenorca.com\/fr\/wp-json\/wp\/v2\/types\/page"}],"author":[{"embeddable":true,"href":"https:\/\/siestamarmenorca.com\/fr\/wp-json\/wp\/v2\/users\/2"}],"replies":[{"embeddable":true,"href":"https:\/\/siestamarmenorca.com\/fr\/wp-json\/wp\/v2\/comments?post=6882"}],"version-history":[{"count":20,"href":"https:\/\/siestamarmenorca.com\/fr\/wp-json\/wp\/v2\/pages\/6882\/revisions"}],"predecessor-version":[{"id":23551,"href":"https:\/\/siestamarmenorca.com\/fr\/wp-json\/wp\/v2\/pages\/6882\/revisions\/23551"}],"wp:attachment":[{"href":"https:\/\/siestamarmenorca.com\/fr\/wp-json\/wp\/v2\/media?parent=6882"}],"curies":[{"name":"wp","href":"https:\/\/api.w.org\/{rel}","templated":true}]}}