{"id":5261,"date":"2021-07-18T07:58:30","date_gmt":"2021-07-18T07:58:30","guid":{"rendered":"https:\/\/nuss.uxper.co\/luxury-resort\/?page_id=5261"},"modified":"2025-03-27T13:46:09","modified_gmt":"2025-03-27T12:46:09","slug":"contacto","status":"publish","type":"page","link":"https:\/\/siestamarmenorca.com\/fr\/contacto\/","title":{"rendered":"Contact"},"content":{"rendered":"\t\t<div data-elementor-type=\"wp-page\" data-elementor-id=\"5261\" class=\"elementor elementor-5261\">\n\t\t\t\t\t\t<section class=\"elementor-section elementor-top-section elementor-element elementor-element-a347a68 elementor-section-boxed elementor-section-gap-beside-yes elementor-section-height-default elementor-section-height-default elementor-section-column-vertical-align-stretch\" data-id=\"a347a68\" data-element_type=\"section\" data-e-type=\"section\">\n\t\t\t\t\t\t<div class=\"elementor-container elementor-column-gap-extended\">\n\t\t\t\t\t<div class=\"elementor-column elementor-col-100 elementor-top-column elementor-element elementor-element-36476321\" data-id=\"36476321\" data-element_type=\"column\" data-e-type=\"column\">\n\t\t\t<div class=\"elementor-widget-wrap elementor-element-populated\">\n\t\t\t\t\t\t<div class=\"elementor-element elementor-element-514d739f elementor-widget__width-initial elementor-invisible elementor-widget elementor-widget-text-editor\" data-id=\"514d739f\" data-element_type=\"widget\" data-e-type=\"widget\" data-settings=\"{&quot;_animation&quot;:&quot;nussFadeInUp&quot;}\" data-widget_type=\"text-editor.default\">\n\t\t\t\t<div class=\"elementor-widget-container\">\n\t\t\t\t\t\t\t\t\t<p>\u00bfTienes dudas sobre tu reserva o necesitas m\u00e1s informaci\u00f3n? \u00a1Env\u00edanos un mensaje y te ayudaremos!<\/p>\t\t\t\t\t\t\t\t<\/div>\n\t\t\t\t<\/div>\n\t\t\t\t\t<\/div>\n\t\t<\/div>\n\t\t\t\t\t<\/div>\n\t\t<\/section>\n\t\t\t\t<section class=\"elementor-section elementor-top-section elementor-element elementor-element-213ea3c6 elementor-section-height-min-height elementor-section-stretched elementor-section-items-stretch elementor-section-boxed elementor-section-height-default elementor-section-column-vertical-align-stretch\" data-id=\"213ea3c6\" data-element_type=\"section\" data-e-type=\"section\" data-settings=\"{&quot;stretch_section&quot;:&quot;section-stretched&quot;}\">\n\t\t\t\t\t\t<div class=\"elementor-container elementor-column-gap-no\">\n\t\t\t\t\t<div class=\"elementor-column elementor-col-50 elementor-top-column elementor-element elementor-element-6481a244\" data-id=\"6481a244\" data-element_type=\"column\" data-e-type=\"column\">\n\t\t\t<div class=\"elementor-widget-wrap elementor-element-populated\">\n\t\t\t\t\t\t<section class=\"elementor-section elementor-inner-section elementor-element elementor-element-2a2d148c elementor-section-boxed elementor-section-height-default elementor-section-height-default elementor-section-column-vertical-align-stretch\" data-id=\"2a2d148c\" data-element_type=\"section\" data-e-type=\"section\">\n\t\t\t\t\t\t<div class=\"elementor-container elementor-column-gap-no\">\n\t\t\t\t\t<div class=\"elementor-column elementor-col-100 elementor-inner-column elementor-element elementor-element-5064c563\" data-id=\"5064c563\" data-element_type=\"column\" data-e-type=\"column\">\n\t\t\t<div class=\"elementor-widget-wrap elementor-element-populated\">\n\t\t\t\t\t\t<div class=\"elementor-element elementor-element-7c5e7f10 elementor-invisible elementor-widget elementor-widget-nuss-heading\" data-id=\"7c5e7f10\" data-element_type=\"widget\" data-e-type=\"widget\" data-settings=\"{&quot;_animation&quot;:&quot;nussFadeInUp&quot;}\" data-widget_type=\"nuss-heading.default\">\n\t\t\t\t<div class=\"elementor-widget-container\">\n\t\t\t\t\t\t\t<div class=\"nuss-modern-heading\">\r\n\t\t\t\r\n\t\t\t\t\t\t<div class=\"heading-primary-wrap\">\r\n\t\t\t\t<h4 class=\"heading-primary elementor-heading-title\">Cont\u00e1ctanos<\/h4>\t\t\t<\/div>\r\n\t\t\r\n\t\t\t\t\t\t<div class=\"heading-divider-wrap\">\r\n\t\t\t\t<div class=\"heading-divider\" style=\"left: 0px;top: 6px\"><\/div>\r\n\t\t\t<\/div>\r\n\t\r\n\t\t\t\t\t<\/div>\r\n\t\t\t\t\t<\/div>\n\t\t\t\t<\/div>\n\t\t\t\t<div class=\"elementor-element elementor-element-110ac72f elementor-invisible elementor-widget elementor-widget-heading\" data-id=\"110ac72f\" data-element_type=\"widget\" data-e-type=\"widget\" data-settings=\"{&quot;_animation&quot;:&quot;nussFadeInUp&quot;}\" data-widget_type=\"heading.default\">\n\t\t\t\t<div class=\"elementor-widget-container\">\n\t\t\t\t\t<h3 class=\"elementor-heading-title elementor-size-default\">Contacta con nosotros<\/h3>\t\t\t\t<\/div>\n\t\t\t\t<\/div>\n\t\t\t\t<div class=\"elementor-element elementor-element-b670f9a elementor-invisible elementor-widget elementor-widget-text-editor\" data-id=\"b670f9a\" data-element_type=\"widget\" data-e-type=\"widget\" data-settings=\"{&quot;_animation&quot;:&quot;nussFadeInUp&quot;}\" data-widget_type=\"text-editor.default\">\n\t\t\t\t<div class=\"elementor-widget-container\">\n\t\t\t\t\t\t\t\t\t<p>Si necesitas informaci\u00f3n adicional sobre nuestros alojamientos, servicios o recomendaciones locales, no dudes en comunicarte con nosotros.<\/p>\t\t\t\t\t\t\t\t<\/div>\n\t\t\t\t<\/div>\n\t\t\t\t\t<\/div>\n\t\t<\/div>\n\t\t\t\t\t<\/div>\n\t\t<\/section>\n\t\t\t\t<section class=\"elementor-section elementor-inner-section elementor-element elementor-element-2f55a30 elementor-section-boxed elementor-section-height-default elementor-section-height-default elementor-section-column-vertical-align-stretch\" data-id=\"2f55a30\" data-element_type=\"section\" data-e-type=\"section\">\n\t\t\t\t\t\t<div class=\"elementor-container elementor-column-gap-no\">\n\t\t\t\t\t<div class=\"elementor-column elementor-col-100 elementor-inner-column elementor-element elementor-element-12839134\" data-id=\"12839134\" data-element_type=\"column\" data-e-type=\"column\">\n\t\t\t<div class=\"elementor-widget-wrap elementor-element-populated\">\n\t\t\t\t\t\t<div class=\"elementor-element elementor-element-7af2f671 elementor-invisible elementor-widget elementor-widget-heading\" data-id=\"7af2f671\" data-element_type=\"widget\" data-e-type=\"widget\" data-settings=\"{&quot;_animation&quot;:&quot;nussFadeInUp&quot;}\" data-widget_type=\"heading.default\">\n\t\t\t\t<div class=\"elementor-widget-container\">\n\t\t\t\t\t<h4 class=\"elementor-heading-title elementor-size-default\">Direcci\u00f3n<\/h4>\t\t\t\t<\/div>\n\t\t\t\t<\/div>\n\t\t\t\t<div class=\"elementor-element elementor-element-5f7451a5 elementor-invisible elementor-widget elementor-widget-text-editor\" data-id=\"5f7451a5\" data-element_type=\"widget\" data-e-type=\"widget\" data-settings=\"{&quot;_animation&quot;:&quot;nussFadeInUp&quot;}\" data-widget_type=\"text-editor.default\">\n\t\t\t\t<div class=\"elementor-widget-container\">\n\t\t\t\t\t\t\t\t\t<p>Avda. Central 60, 07730 Cala en Porter, Illes Balears<\/p>\t\t\t\t\t\t\t\t<\/div>\n\t\t\t\t<\/div>\n\t\t\t\t\t<\/div>\n\t\t<\/div>\n\t\t\t\t\t<\/div>\n\t\t<\/section>\n\t\t\t\t<section class=\"elementor-section elementor-inner-section elementor-element elementor-element-49816725 elementor-section-boxed elementor-section-height-default elementor-section-height-default elementor-section-column-vertical-align-stretch\" data-id=\"49816725\" data-element_type=\"section\" data-e-type=\"section\">\n\t\t\t\t\t\t<div class=\"elementor-container elementor-column-gap-no\">\n\t\t\t\t\t<div class=\"elementor-column elementor-col-100 elementor-inner-column elementor-element elementor-element-727c586d\" data-id=\"727c586d\" data-element_type=\"column\" data-e-type=\"column\">\n\t\t\t<div class=\"elementor-widget-wrap elementor-element-populated\">\n\t\t\t\t\t\t<div class=\"elementor-element elementor-element-4859f2b elementor-invisible elementor-widget elementor-widget-heading\" data-id=\"4859f2b\" data-element_type=\"widget\" data-e-type=\"widget\" data-settings=\"{&quot;_animation&quot;:&quot;nussFadeInUp&quot;}\" data-widget_type=\"heading.default\">\n\t\t\t\t<div class=\"elementor-widget-container\">\n\t\t\t\t\t<h4 class=\"elementor-heading-title elementor-size-default\">Para reservas<\/h4>\t\t\t\t<\/div>\n\t\t\t\t<\/div>\n\t\t\t\t<div class=\"elementor-element elementor-element-6c46da08 elementor-invisible elementor-widget elementor-widget-text-editor\" data-id=\"6c46da08\" data-element_type=\"widget\" data-e-type=\"widget\" data-settings=\"{&quot;_animation&quot;:&quot;nussFadeInUp&quot;}\" data-widget_type=\"text-editor.default\">\n\t\t\t\t<div class=\"elementor-widget-container\">\n\t\t\t\t\t\t\t\t\t<p>Email: <a href=\"mailto:hello@siestamarmenorca.com\">hello@siestamarmenorca.com<\/a><br \/>Tel\u00e9fono: <a href=\"tel:+34971377411\">+34 <span aria-label=\"Llamar al n\u00famero de tel\u00e9fono 971 37 74 11\">971 37 74 11<\/span><\/a><\/p>\t\t\t\t\t\t\t\t<\/div>\n\t\t\t\t<\/div>\n\t\t\t\t\t<\/div>\n\t\t<\/div>\n\t\t\t\t\t<\/div>\n\t\t<\/section>\n\t\t\t\t\t<\/div>\n\t\t<\/div>\n\t\t\t\t<div class=\"elementor-column elementor-col-50 elementor-top-column elementor-element elementor-element-7373c45\" data-id=\"7373c45\" data-element_type=\"column\" data-e-type=\"column\" data-settings=\"{&quot;animation&quot;:&quot;none&quot;}\">\n\t\t\t<div class=\"elementor-widget-wrap elementor-element-populated\">\n\t\t\t\t\t\t<div class=\"elementor-element elementor-element-23860c2d elementor-widget__width-initial elementor-absolute elementor-widget-mobile__width-inherit elementor-widget elementor-widget-nuss-google-map\" data-id=\"23860c2d\" data-element_type=\"widget\" data-e-type=\"widget\" data-settings=\"{&quot;_position&quot;:&quot;absolute&quot;,&quot;_animation&quot;:&quot;none&quot;}\" data-widget_type=\"nuss-google-map.default\">\n\t\t\t\t<div class=\"elementor-widget-container\">\n\t\t\t\t\t\t\t<div class=\"nuss-google-map marker-style-signal\">\r\n\t\t\t<div class=\"map\" data-height=\"600\"><\/div>\r\n\t\t\t<div class=\"map-options hide\">\r\n\t\t\t\t{\"settings\":{\"zoom\":15,\"mapTypeControl\":false,\"mapTypeId\":\"roadmap\",\"styles\":[{\"featureType\":\"administrative\",\"elementType\":\"all\",\"stylers\":[{\"visibility\":\"on\"},{\"lightness\":33}]},{\"featureType\":\"landscape\",\"elementType\":\"all\",\"stylers\":[{\"color\":\"#f2e5d4\"}]},{\"featureType\":\"poi.park\",\"elementType\":\"geometry\",\"stylers\":[{\"color\":\"#c5dac6\"}]},{\"featureType\":\"poi.park\",\"elementType\":\"labels\",\"stylers\":[{\"visibility\":\"on\"},{\"lightness\":20}]},{\"featureType\":\"road\",\"elementType\":\"all\",\"stylers\":[{\"lightness\":20}]},{\"featureType\":\"road.highway\",\"elementType\":\"geometry\",\"stylers\":[{\"color\":\"#c5c6c6\"}]},{\"featureType\":\"road.arterial\",\"elementType\":\"geometry\",\"stylers\":[{\"color\":\"#e4d7c6\"}]},{\"featureType\":\"road.local\",\"elementType\":\"geometry\",\"stylers\":[{\"color\":\"#fbfaf7\"}]},{\"featureType\":\"water\",\"elementType\":\"all\",\"stylers\":[{\"visibility\":\"on\"},{\"color\":\"#acbcc9\"}]}],\"zoomControl\":false,\"scaleControl\":false,\"streetViewControl\":false,\"fullscreenControl\":false,\"scrollwheel\":true,\"draggable\":true,\"center\":[\"39.87187134416966\",\" 4.134311785943973\"]},\"marker\":[{\"position\":[\"39.87187134416966\",\" 4.134311785943973\"]}],\"overlay\":[{\"position\":[\"39.87187134416966\",\" 4.134311785943973\"],\"content\":\"\\u003Cdiv class=\\u0022nuss-map-overlay nuss-map-overlay- elementor-repeater-item-b00edcc\\u0022\\u003E\\u003Cdiv class=\\u0022gmap-info-wrapper style-signal\\u0022\\u003E\\u003Cdiv class=\\u0022animated-dot\\u0022\\u003E\\u003Cdiv class=\\u0022middle-dot\\u0022\\u003E\\u003C\\\/div\\u003E\\u003Cdiv class=\\u0022signal signal-1\\u0022\\u003E\\u003C\\\/div\\u003E\\u003Cdiv class=\\u0022signal signal-2\\u0022\\u003E\\u003C\\\/div\\u003E\\u003C\\\/div\\u003E\\u003C\\\/div\\u003E\\u003C\\\/div\\u003E\"}]}\t\t\t<\/div>\r\n\t\t<\/div>\r\n\t\t\t\t\t\t<\/div>\n\t\t\t\t<\/div>\n\t\t\t\t\t<\/div>\n\t\t<\/div>\n\t\t\t\t\t<\/div>\n\t\t<\/section>\n\t\t\t\t<section class=\"elementor-section elementor-top-section elementor-element elementor-element-70e3dcb6 elementor-section-stretched elementor-section-boxed elementor-section-gap-beside-yes elementor-section-height-default elementor-section-height-default elementor-section-column-vertical-align-stretch\" data-id=\"70e3dcb6\" data-element_type=\"section\" data-e-type=\"section\" data-settings=\"{&quot;stretch_section&quot;:&quot;section-stretched&quot;,&quot;background_background&quot;:&quot;classic&quot;}\">\n\t\t\t\t\t\t<div class=\"elementor-container elementor-column-gap-extended\">\n\t\t\t\t\t<div class=\"elementor-column elementor-col-50 elementor-top-column elementor-element elementor-element-2f00bae0\" data-id=\"2f00bae0\" data-element_type=\"column\" data-e-type=\"column\">\n\t\t\t<div class=\"elementor-widget-wrap elementor-element-populated\">\n\t\t\t\t\t\t<div class=\"elementor-element elementor-element-7f72a0d7 elementor-invisible elementor-widget elementor-widget-heading\" data-id=\"7f72a0d7\" data-element_type=\"widget\" data-e-type=\"widget\" data-settings=\"{&quot;_animation&quot;:&quot;nussFadeInUp&quot;}\" data-widget_type=\"heading.default\">\n\t\t\t\t<div class=\"elementor-widget-container\">\n\t\t\t\t\t<h3 class=\"elementor-heading-title elementor-size-default\">Preguntas frecuentes<\/h3>\t\t\t\t<\/div>\n\t\t\t\t<\/div>\n\t\t\t\t<div class=\"elementor-element elementor-element-70352aed elementor-widget__width-initial elementor-invisible elementor-widget elementor-widget-text-editor\" data-id=\"70352aed\" data-element_type=\"widget\" data-e-type=\"widget\" data-settings=\"{&quot;_animation&quot;:&quot;nussFadeInUp&quot;}\" data-widget_type=\"text-editor.default\">\n\t\t\t\t<div class=\"elementor-widget-container\">\n\t\t\t\t\t\t\t\t\t<p>En nuestra secci\u00f3n de preguntas frecuentes encontrar\u00e1s respuestas a las inquietudes m\u00e1s comunes de nuestros clientes. Revisa esta secci\u00f3n para resolver tus dudas al instante.<\/p>\t\t\t\t\t\t\t\t<\/div>\n\t\t\t\t<\/div>\n\t\t\t\t\t<\/div>\n\t\t<\/div>\n\t\t\t\t<div class=\"elementor-column elementor-col-50 elementor-top-column elementor-element elementor-element-19afe4a9\" data-id=\"19afe4a9\" data-element_type=\"column\" data-e-type=\"column\">\n\t\t\t<div class=\"elementor-widget-wrap elementor-element-populated\">\n\t\t\t\t\t\t<div class=\"elementor-element elementor-element-2939044d elementor-align-right elementor-mobile-align-left elementor-invisible elementor-widget elementor-widget-button\" data-id=\"2939044d\" data-element_type=\"widget\" data-e-type=\"widget\" data-settings=\"{&quot;_animation&quot;:&quot;nussFadeInUp&quot;}\" data-widget_type=\"button.default\">\n\t\t\t\t<div class=\"elementor-widget-container\">\n\t\t\t\t\t\t\t\t\t<div class=\"elementor-button-wrapper\">\n\t\t\t\t\t<a class=\"elementor-button elementor-button-link elementor-size-sm\" href=\"https:\/\/www.siestamarmenorca.com\/preguntas-frecuentes\/\">\n\t\t\t\t\t\t<span class=\"elementor-button-content-wrapper\">\n\t\t\t\t\t\t\t\t\t<span class=\"elementor-button-text\">Ir a preguntas frecuentes<\/span>\n\t\t\t\t\t<\/span>\n\t\t\t\t\t<\/a>\n\t\t\t\t<\/div>\n\t\t\t\t\t\t\t\t<\/div>\n\t\t\t\t<\/div>\n\t\t\t\t\t<\/div>\n\t\t<\/div>\n\t\t\t\t\t<\/div>\n\t\t<\/section>\n\t\t\t\t<\/div>\n\t\t","protected":false},"excerpt":{"rendered":"<p>\u00bfTienes dudas sobre tu reserva o necesitas m\u00e1s informaci\u00f3n? \u00a1Env\u00edanos un mensaje y te ayudaremos! Cont\u00e1ctanos Contacta con nosotros Si necesitas informaci\u00f3n adicional sobre nuestros alojamientos, servicios o recomendaciones locales, no dudes en comunicarte con nosotros. Direcci\u00f3n Avda. Central 60, 07730 Cala en Porter, Illes Balears Para reservas Email: hello@siestamarmenorca.comTel\u00e9fono: +34 971 37 74 11 [&hellip;]<\/p>\n","protected":false},"author":2,"featured_media":0,"parent":0,"menu_order":0,"comment_status":"closed","ping_status":"closed","template":"","meta":{"footnotes":""},"class_list":["post-5261","page","type-page","status-publish","hentry","post-no-thumbnail"],"yoast_head":"<!-- This site is optimized with the Yoast SEO plugin v27.2 - https:\/\/yoast.com\/product\/yoast-seo-wordpress\/ -->\n<title>Contacto | Siesta Mar<\/title>\n<meta name=\"robots\" content=\"index, follow, max-snippet:-1, max-image-preview:large, max-video-preview:-1\" \/>\n<link rel=\"canonical\" href=\"https:\/\/siestamarmenorca.com\/fr\/contacto\/\" \/>\n<meta property=\"og:locale\" content=\"fr_FR\" \/>\n<meta property=\"og:type\" content=\"article\" \/>\n<meta property=\"og:title\" content=\"Contacto | Siesta Mar\" \/>\n<meta property=\"og:description\" content=\"\u00bfTienes dudas sobre tu reserva o necesitas m\u00e1s informaci\u00f3n? \u00a1Env\u00edanos un mensaje y te ayudaremos! Cont\u00e1ctanos Contacta con nosotros Si necesitas informaci\u00f3n adicional sobre nuestros alojamientos, servicios o recomendaciones locales, no dudes en comunicarte con nosotros. Direcci\u00f3n Avda. Central 60, 07730 Cala en Porter, Illes Balears Para reservas Email: hello@siestamarmenorca.comTel\u00e9fono: +34 971 37 74 11 [&hellip;]\" \/>\n<meta property=\"og:url\" content=\"https:\/\/siestamarmenorca.com\/fr\/contacto\/\" \/>\n<meta property=\"og:site_name\" content=\"Siesta Mar\" \/>\n<meta property=\"article:publisher\" content=\"https:\/\/www.facebook.com\/galdaxproperties\" \/>\n<meta property=\"article:modified_time\" content=\"2025-03-27T12:46:09+00:00\" \/>\n<meta name=\"twitter:card\" content=\"summary_large_image\" \/>\n<meta name=\"twitter:label1\" content=\"Dur\u00e9e de lecture estim\u00e9e\" \/>\n\t<meta name=\"twitter:data1\" content=\"12 minutes\" \/>\n<script type=\"application\/ld+json\" class=\"yoast-schema-graph\">{\"@context\":\"https:\/\/schema.org\",\"@graph\":[{\"@type\":\"WebPage\",\"@id\":\"https:\/\/siestamarmenorca.com\/contacto\/\",\"url\":\"https:\/\/siestamarmenorca.com\/contacto\/\",\"name\":\"Contacto | Siesta Mar\",\"isPartOf\":{\"@id\":\"https:\/\/siestamarmenorca.com\/#website\"},\"datePublished\":\"2021-07-18T07:58:30+00:00\",\"dateModified\":\"2025-03-27T12:46:09+00:00\",\"breadcrumb\":{\"@id\":\"https:\/\/siestamarmenorca.com\/contacto\/#breadcrumb\"},\"inLanguage\":\"fr-FR\",\"potentialAction\":[{\"@type\":\"ReadAction\",\"target\":[\"https:\/\/siestamarmenorca.com\/contacto\/\"]}]},{\"@type\":\"BreadcrumbList\",\"@id\":\"https:\/\/siestamarmenorca.com\/contacto\/#breadcrumb\",\"itemListElement\":[{\"@type\":\"ListItem\",\"position\":1,\"name\":\"Home\",\"item\":\"https:\/\/siestamarmenorca.com\/\"},{\"@type\":\"ListItem\",\"position\":2,\"name\":\"Contacto\"}]},{\"@type\":\"WebSite\",\"@id\":\"https:\/\/siestamarmenorca.com\/#website\",\"url\":\"https:\/\/siestamarmenorca.com\/\",\"name\":\"Siesta Mar | Alquiler de apartamentos en Menorca\",\"description\":\"\",\"publisher\":{\"@id\":\"https:\/\/siestamarmenorca.com\/#organization\"},\"potentialAction\":[{\"@type\":\"SearchAction\",\"target\":{\"@type\":\"EntryPoint\",\"urlTemplate\":\"https:\/\/siestamarmenorca.com\/?s={search_term_string}\"},\"query-input\":{\"@type\":\"PropertyValueSpecification\",\"valueRequired\":true,\"valueName\":\"search_term_string\"}}],\"inLanguage\":\"fr-FR\"},{\"@type\":\"Organization\",\"@id\":\"https:\/\/siestamarmenorca.com\/#organization\",\"name\":\"Siesta Mar | Alquiler de apartamentos en Menorca\",\"url\":\"https:\/\/siestamarmenorca.com\/\",\"logo\":{\"@type\":\"ImageObject\",\"inLanguage\":\"fr-FR\",\"@id\":\"https:\/\/siestamarmenorca.com\/#\/schema\/logo\/image\/\",\"url\":\"https:\/\/www.siestamarmenorca.com\/wp-content\/uploads\/2024\/12\/favicon.png\",\"contentUrl\":\"https:\/\/www.siestamarmenorca.com\/wp-content\/uploads\/2024\/12\/favicon.png\",\"width\":500,\"height\":500,\"caption\":\"Siesta Mar | Alquiler de apartamentos en Menorca\"},\"image\":{\"@id\":\"https:\/\/siestamarmenorca.com\/#\/schema\/logo\/image\/\"},\"sameAs\":[\"https:\/\/www.facebook.com\/galdaxproperties\",\"https:\/\/instagram.com\/galdaxproperties\"]}]}<\/script>\n<!-- \/ Yoast SEO plugin. -->","yoast_head_json":{"title":"Contact | Siesta Mar","robots":{"index":"index","follow":"follow","max-snippet":"max-snippet:-1","max-image-preview":"max-image-preview:large","max-video-preview":"max-video-preview:-1"},"canonical":"https:\/\/siestamarmenorca.com\/fr\/contacto\/","og_locale":"fr_FR","og_type":"article","og_title":"Contacto | Siesta Mar","og_description":"\u00bfTienes dudas sobre tu reserva o necesitas m\u00e1s informaci\u00f3n? \u00a1Env\u00edanos un mensaje y te ayudaremos! Cont\u00e1ctanos Contacta con nosotros Si necesitas informaci\u00f3n adicional sobre nuestros alojamientos, servicios o recomendaciones locales, no dudes en comunicarte con nosotros. Direcci\u00f3n Avda. Central 60, 07730 Cala en Porter, Illes Balears Para reservas Email: hello@siestamarmenorca.comTel\u00e9fono: +34 971 37 74 11 [&hellip;]","og_url":"https:\/\/siestamarmenorca.com\/fr\/contacto\/","og_site_name":"Siesta Mar","article_publisher":"https:\/\/www.facebook.com\/galdaxproperties","article_modified_time":"2025-03-27T12:46:09+00:00","twitter_card":"summary_large_image","twitter_misc":{"Dur\u00e9e de lecture estim\u00e9e":"12 minutes"},"schema":{"@context":"https:\/\/schema.org","@graph":[{"@type":"WebPage","@id":"https:\/\/siestamarmenorca.com\/contacto\/","url":"https:\/\/siestamarmenorca.com\/contacto\/","name":"Contact | Siesta Mar","isPartOf":{"@id":"https:\/\/siestamarmenorca.com\/#website"},"datePublished":"2021-07-18T07:58:30+00:00","dateModified":"2025-03-27T12:46:09+00:00","breadcrumb":{"@id":"https:\/\/siestamarmenorca.com\/contacto\/#breadcrumb"},"inLanguage":"fr-FR","potentialAction":[{"@type":"ReadAction","target":["https:\/\/siestamarmenorca.com\/contacto\/"]}]},{"@type":"BreadcrumbList","@id":"https:\/\/siestamarmenorca.com\/contacto\/#breadcrumb","itemListElement":[{"@type":"ListItem","position":1,"name":"Home","item":"https:\/\/siestamarmenorca.com\/"},{"@type":"ListItem","position":2,"name":"Contacto"}]},{"@type":"WebSite","@id":"https:\/\/siestamarmenorca.com\/#website","url":"https:\/\/siestamarmenorca.com\/","name":"Siesta Mar | Appartements \u00e0 Louer \u00e0 Minorque","description":"","publisher":{"@id":"https:\/\/siestamarmenorca.com\/#organization"},"potentialAction":[{"@type":"SearchAction","target":{"@type":"EntryPoint","urlTemplate":"https:\/\/siestamarmenorca.com\/?s={search_term_string}"},"query-input":{"@type":"PropertyValueSpecification","valueRequired":true,"valueName":"search_term_string"}}],"inLanguage":"fr-FR"},{"@type":"Organization","@id":"https:\/\/siestamarmenorca.com\/#organization","name":"Siesta Mar | Appartements \u00e0 Louer \u00e0 Minorque","url":"https:\/\/siestamarmenorca.com\/","logo":{"@type":"ImageObject","inLanguage":"fr-FR","@id":"https:\/\/siestamarmenorca.com\/#\/schema\/logo\/image\/","url":"https:\/\/www.siestamarmenorca.com\/wp-content\/uploads\/2024\/12\/favicon.png","contentUrl":"https:\/\/www.siestamarmenorca.com\/wp-content\/uploads\/2024\/12\/favicon.png","width":500,"height":500,"caption":"Siesta Mar | Alquiler de apartamentos en Menorca"},"image":{"@id":"https:\/\/siestamarmenorca.com\/#\/schema\/logo\/image\/"},"sameAs":["https:\/\/www.facebook.com\/galdaxproperties","https:\/\/instagram.com\/galdaxproperties"]}]}},"_links":{"self":[{"href":"https:\/\/siestamarmenorca.com\/fr\/wp-json\/wp\/v2\/pages\/5261","targetHints":{"allow":["GET"]}}],"collection":[{"href":"https:\/\/siestamarmenorca.com\/fr\/wp-json\/wp\/v2\/pages"}],"about":[{"href":"https:\/\/siestamarmenorca.com\/fr\/wp-json\/wp\/v2\/types\/page"}],"author":[{"embeddable":true,"href":"https:\/\/siestamarmenorca.com\/fr\/wp-json\/wp\/v2\/users\/2"}],"replies":[{"embeddable":true,"href":"https:\/\/siestamarmenorca.com\/fr\/wp-json\/wp\/v2\/comments?post=5261"}],"version-history":[{"count":123,"href":"https:\/\/siestamarmenorca.com\/fr\/wp-json\/wp\/v2\/pages\/5261\/revisions"}],"predecessor-version":[{"id":14139,"href":"https:\/\/siestamarmenorca.com\/fr\/wp-json\/wp\/v2\/pages\/5261\/revisions\/14139"}],"wp:attachment":[{"href":"https:\/\/siestamarmenorca.com\/fr\/wp-json\/wp\/v2\/media?parent=5261"}],"curies":[{"name":"wp","href":"https:\/\/api.w.org\/{rel}","templated":true}]}}