{"id":6882,"date":"2024-11-26T03:36:25","date_gmt":"2024-11-26T02:36:25","guid":{"rendered":"https:\/\/www.siestamarmenorca.com\/terminos-y-condiciones-copy\/"},"modified":"2026-04-14T12:33:22","modified_gmt":"2026-04-14T11:33:22","slug":"politica-de-cookies","status":"publish","type":"page","link":"https:\/\/siestamarmenorca.com\/de\/politica-de-cookies\/","title":{"rendered":"Cookie-Richtlinie"},"content":{"rendered":"<div data-elementor-type=\"wp-page\" data-elementor-id=\"6882\" class=\"elementor elementor-6882\">\n\t\t\t\t\t\t<section class=\"elementor-section elementor-top-section elementor-element elementor-element-8fef7a3 elementor-section-boxed elementor-section-gap-beside-yes elementor-section-height-default elementor-section-height-default elementor-section-content-align-center elementor-section-column-vertical-align-stretch\" data-id=\"8fef7a3\" data-element_type=\"section\" data-e-type=\"section\">\n\t\t\t\t\t\t<div class=\"elementor-container elementor-column-gap-extended\">\n\t\t\t\t\t<div class=\"elementor-column elementor-col-100 elementor-top-column elementor-element elementor-element-46d479c8\" data-id=\"46d479c8\" data-element_type=\"column\" data-e-type=\"column\">\n\t\t\t<div class=\"elementor-widget-wrap elementor-element-populated\">\n\t\t\t\t\t\t<div class=\"elementor-element elementor-element-1d284f1 elementor-widget__width-initial elementor-widget elementor-widget-heading\" data-id=\"1d284f1\" data-element_type=\"widget\" data-e-type=\"widget\" data-widget_type=\"heading.default\">\n\t\t\t\t<div class=\"elementor-widget-container\">\n\t\t\t\t\t<h2 class=\"elementor-heading-title elementor-size-default\">COOKIE-RICHTLINIE<\/h2>\t\t\t\t<\/div>\n\t\t\t\t<\/div>\n\t\t\t\t<div class=\"elementor-element elementor-element-6653384d elementor-widget elementor-widget-text-editor\" data-id=\"6653384d\" data-element_type=\"widget\" data-e-type=\"widget\" data-widget_type=\"text-editor.default\">\n\t\t\t\t<div class=\"elementor-widget-container\">\n\t\t\t\t\t\t\t\t\t<p>\u00daltima actualizaci\u00f3n: 14 de Abril de 2026.<\/p><p><span style=\"font-weight: 400;\">In <\/span><b>Orfila Sternal SLU<\/b><span style=\"font-weight: 400;\"> (en adelante, &#8220;Siestamar Menorca&#8221;), utilizamos cookies y tecnolog\u00edas similares para garantizar el correcto funcionamiento de nuestro sitio web y mejorar la experiencia del Usuario. A continuaci\u00f3n, explicamos qu\u00e9 son las cookies, para qu\u00e9 las usamos y c\u00f3mo puede configurarlas o desactivarlas.<\/span><\/p><ol><li><span style=\"text-decoration: underline;\"><b> WAS SIND COOKIES?<\/b><\/span><\/li><\/ol><p><span style=\"font-weight: 400;\">Cookies sind kleine text-Dateien, die heruntergeladen werden auf Ihr Ger\u00e4t (computer, smartphone, tablet, etc), wenn Sie eine website besuchen. Erm\u00f6glichen das speichern und abrufen von Informationen \u00fcber Ihre browsing-Gewohnheiten, die Ihr Ger\u00e4t, und basierend auf diesen Informationen k\u00f6nnen benutzt werden, um Sie zu erkennen.<\/span><\/p><ol start=\"2\"><li><span style=\"text-decoration: underline;\"><b> ARTEN VON COOKIES, DIE WIR VERWENDEN<\/b><\/span><\/li><\/ol><p><span style=\"font-weight: 400;\">En Siestamar Menorca utilizamos las siguientes categor\u00edas de cookies:<\/span><\/p><p><b>2.1. Nach Ihrem Zweck:<\/b><\/p><ul><li style=\"font-weight: 400;\" aria-level=\"1\"><b>Technische Cookies<\/b><span style=\"font-weight: 400;\">: Sind unerl\u00e4sslich, um die Funktion der website erm\u00f6glicht dem Benutzer, zu navigieren und zu verwenden seine Grundfunktionen.<\/span><\/li><li style=\"font-weight: 400;\" aria-level=\"1\"><b>Cookies customization<\/b><span style=\"font-weight: 400;\">: Erlauben Sie uns, Ihre Pr\u00e4ferenzen zu speichern (wie z.B. Sprache oder das regionale Einstellungen).<\/span><\/li><li style=\"font-weight: 400;\" aria-level=\"1\"><b>Analytics-Cookies<\/b><span style=\"font-weight: 400;\">: Sammeln Informationen \u00fcber die Nutzung der website nutzen, wie z.B. \u00fcber die besuchten Seiten oder die Zeit der navigation, mit dem Ziel der Verbesserung der Benutzer Erfahrung.<\/span><\/li><li style=\"font-weight: 400;\" aria-level=\"1\"><b>Werbe-Cookies<\/b><span style=\"font-weight: 400;\">: Verwalten Sie die Werbefl\u00e4chen nach Kriterien wie Inhalt oder die H\u00e4ufigkeit, mit der die anzeigen gezeigt werden.<\/span><\/li><li style=\"font-weight: 400;\" aria-level=\"1\"><b>Cookies f\u00fcr verhaltensbezogene Werbung<\/b><span style=\"font-weight: 400;\">: Sie k\u00f6nnen die Anzeige personalisierte Werbung basierend auf Ihren Navigations-Gewohnheiten der Benutzer.<\/span><\/li><\/ul><p><b>2.2. Nach deren Dauer:<\/b><\/p><ul><li style=\"font-weight: 400;\" aria-level=\"1\"><b>Session-Cookies<\/b><span style=\"font-weight: 400;\">: Werden gel\u00f6scht, wenn Sie Ihren browser schlie\u00dfen.<\/span><\/li><li style=\"font-weight: 400;\" aria-level=\"1\"><b>Persistent-Cookies<\/b><span style=\"font-weight: 400;\">Bleiben auf dem Endger\u00e4t des Benutzers f\u00fcr einen bestimmten Zeitraum, die variieren k\u00f6nnen je nach dem Zweck des Cookies.<\/span><\/li><\/ul><p><b>2.3. Je nach Eigentum:<\/b><\/p><ul><li style=\"font-weight: 400;\" aria-level=\"1\"><b>First-party-Cookies<\/b><span style=\"font-weight: 400;\">: Son gestionadas directamente por Siestamar Menorca.<\/span><\/li><li style=\"font-weight: 400;\" aria-level=\"1\"><b>Cookies von Dritten<\/b><span style=\"font-weight: 400;\">: Betrieben werden von autorisierten Drittanbietern (wie Google Analytics).<\/span><\/li><\/ul><ol start=\"3\"><li><span style=\"text-decoration: underline;\"><b> COOKIES WIR VERWENDEN AUF DIESER WEBSITE<\/b><\/span><\/li><\/ol><p><span style=\"font-weight: 400;\">Unten, wir im detail die spezifischen cookies auf unserer website verwendet:<\/span><\/p><table><thead><tr><th><b>Name des Cookies<\/b><\/th><th><b>Zweck<\/b><\/th><th><b>Dauer<\/b><\/th><th><b>Eigentum<\/b><\/th><\/tr><\/thead><tbody><tr><td><span style=\"font-weight: 400;\">PHPSESSID<\/span><\/td><td><span style=\"font-weight: 400;\">Session-management<\/span><\/td><td><span style=\"font-weight: 400;\">Session<\/span><\/td><td><span style=\"font-weight: 400;\">Eigenen<\/span><\/td><\/tr><tr><td><span style=\"font-weight: 400;\">_ga<\/span><\/td><td><span style=\"font-weight: 400;\">Analyse der Besuche<\/span><\/td><td><span style=\"font-weight: 400;\">2 Jahre<\/span><\/td><td><span style=\"font-weight: 400;\">Google Analytics<\/span><\/td><\/tr><tr><td><span style=\"font-weight: 400;\">cookie_consent<\/span><\/td><td><span style=\"font-weight: 400;\">Einstellungen speichern<\/span><\/td><td><span style=\"font-weight: 400;\">1 Jahr<\/span><\/td><td><span style=\"font-weight: 400;\">Eigenen<\/span><\/td><\/tr><\/tbody><\/table><ol start=\"4\"><li><span style=\"text-decoration: underline;\"><b> VERWALTUNG VON COOKIES<\/b><\/span><\/li><\/ol><p><b>4.1. Browser-Einstellungen<\/b><\/p><p><span style=\"font-weight: 400;\">Sie k\u00f6nnen konfigurieren Sie Ihren browser zu akzeptieren oder alle cookies abzulehnen oder eine Warnmeldung auszugeben, bevor installation. Die Schritte unterscheiden sich je nach browser. Hier sind die links zu den Konfigurations-Anleitung f\u00fcr die g\u00e4ngigsten Browser:<\/span><\/p><ul><li style=\"font-weight: 400;\" aria-level=\"1\"><a href=\"https:\/\/support.google.com\/chrome\/answer\/95647\"><span style=\"font-weight: 400;\">Google Chrome<\/span><\/a><\/li><li style=\"font-weight: 400;\" aria-level=\"1\"><a href=\"https:\/\/support.mozilla.org\/es\/kb\/cookies-informacion-que-los-sitios-web-guardan-en-\"><span style=\"font-weight: 400;\">Mozilla Firefox<\/span><\/a><\/li><li style=\"font-weight: 400;\" aria-level=\"1\"><a href=\"https:\/\/support.microsoft.com\/es-es\/microsoft-edge\/eliminar-cookies-en-microsoft-edge-63947406-40ac-c3b8-57b9-2a946a29ae09\"><span style=\"font-weight: 400;\">Microsoft Edge<\/span><\/a><\/li><li style=\"font-weight: 400;\" aria-level=\"1\"><a href=\"https:\/\/support.apple.com\/es-es\/guide\/safari\/sfri11471\/mac\"><span style=\"font-weight: 400;\">Safari<\/span><\/a><\/li><\/ul><p><b>4.2. Konfiguration von der Website<\/b><\/p><p><span style=\"font-weight: 400;\">Zu jeder Zeit, die Sie verwalten k\u00f6nnen, oder \u00e4ndern Sie Ihre cookie-Pr\u00e4ferenzen aus dem banner oder der Abschnitt &#034;Konfiguration&#034; cookies &#034; auf dieser Website.<\/span><\/p><ol start=\"5\"><li><span style=\"text-decoration: underline;\"><b> ZUSTIMMUNG<\/b><\/span><\/li><\/ol><p><span style=\"font-weight: 400;\">Durchsuchen Sie unsere website zum ersten mal, sehen Sie ein banner mit Informationen \u00fcber die Verwendung von cookies. Wenn Sie Zustimmen oder weiter Browsen, geben Sie Ihre Zustimmung zur installation von cookies beschrieben, au\u00dfer, dass Sie Ihren browser so konfigurieren, ablehnen dieser cookies.<\/span><\/p><ol start=\"6\"><li><span style=\"text-decoration: underline;\"><b> \u00c4NDERUNGEN UND AKTUALISIERUNGEN DER COOKIE-RICHTLINIE<\/b><\/span><\/li><\/ol><p><span style=\"font-weight: 400;\">Siestamar Menorca se reserva el derecho de modificar esta Pol\u00edtica de Cookies en funci\u00f3n de requisitos legales o t\u00e9cnicos. Las actualizaciones ser\u00e1n publicadas en esta p\u00e1gina, indicando la fecha de la \u00faltima actualizaci\u00f3n.<\/span><\/p>\t\t\t\t\t\t\t\t<\/div>\n\t\t\t\t<\/div>\n\t\t\t\t\t<\/div>\n\t\t<\/div>\n\t\t\t\t\t<\/div>\n\t\t<\/section>\n\t\t\t\t<\/div>","protected":false},"excerpt":{"rendered":"<p>POL\u00cdTICA DE COOKIES \u00daltima actualizaci\u00f3n: 14 de Abril de 2026. En Orfila Sternal SLU (en adelante, &#8220;Siestamar Menorca&#8221;), utilizamos cookies y tecnolog\u00edas similares para garantizar el correcto funcionamiento de nuestro sitio web y mejorar la experiencia del Usuario. A continuaci\u00f3n, explicamos qu\u00e9 son las cookies, para qu\u00e9 las usamos y c\u00f3mo puede configurarlas o desactivarlas. [&hellip;]<\/p>\n","protected":false},"author":2,"featured_media":0,"parent":0,"menu_order":0,"comment_status":"closed","ping_status":"closed","template":"","meta":{"footnotes":""},"class_list":["post-6882","page","type-page","status-publish","hentry","post-no-thumbnail"],"yoast_head":"<!-- This site is optimized with the Yoast SEO plugin v27.2 - https:\/\/yoast.com\/product\/yoast-seo-wordpress\/ -->\n<title>Pol\u00edtica de cookies | Siesta Mar<\/title>\n<meta name=\"robots\" content=\"index, follow, max-snippet:-1, max-image-preview:large, max-video-preview:-1\" \/>\n<link rel=\"canonical\" href=\"https:\/\/siestamarmenorca.com\/de\/politica-de-cookies\/\" \/>\n<meta property=\"og:locale\" content=\"de_DE\" \/>\n<meta property=\"og:type\" content=\"article\" \/>\n<meta property=\"og:title\" content=\"Pol\u00edtica de cookies | Siesta Mar\" \/>\n<meta property=\"og:description\" content=\"POL\u00cdTICA DE COOKIES \u00daltima actualizaci\u00f3n: 14 de Abril de 2026. En Orfila Sternal SLU (en adelante, &#8220;Siestamar Menorca&#8221;), utilizamos cookies y tecnolog\u00edas similares para garantizar el correcto funcionamiento de nuestro sitio web y mejorar la experiencia del Usuario. A continuaci\u00f3n, explicamos qu\u00e9 son las cookies, para qu\u00e9 las usamos y c\u00f3mo puede configurarlas o desactivarlas. [&hellip;]\" \/>\n<meta property=\"og:url\" content=\"https:\/\/siestamarmenorca.com\/de\/politica-de-cookies\/\" \/>\n<meta property=\"og:site_name\" content=\"Siesta Mar\" \/>\n<meta property=\"article:publisher\" content=\"https:\/\/www.facebook.com\/galdaxproperties\" \/>\n<meta property=\"article:modified_time\" content=\"2026-04-14T11:33:22+00:00\" \/>\n<meta name=\"twitter:card\" content=\"summary_large_image\" \/>\n<meta name=\"twitter:label1\" content=\"Gesch\u00e4tzte Lesezeit\" \/>\n\t<meta name=\"twitter:data1\" content=\"3\u00a0Minuten\" \/>\n<script type=\"application\/ld+json\" class=\"yoast-schema-graph\">{\"@context\":\"https:\/\/schema.org\",\"@graph\":[{\"@type\":\"WebPage\",\"@id\":\"https:\/\/siestamarmenorca.com\/politica-de-cookies\/\",\"url\":\"https:\/\/siestamarmenorca.com\/politica-de-cookies\/\",\"name\":\"Pol\u00edtica de cookies | Siesta Mar\",\"isPartOf\":{\"@id\":\"https:\/\/siestamarmenorca.com\/#website\"},\"datePublished\":\"2024-11-26T02:36:25+00:00\",\"dateModified\":\"2026-04-14T11:33:22+00:00\",\"breadcrumb\":{\"@id\":\"https:\/\/siestamarmenorca.com\/politica-de-cookies\/#breadcrumb\"},\"inLanguage\":\"de\",\"potentialAction\":[{\"@type\":\"ReadAction\",\"target\":[\"https:\/\/siestamarmenorca.com\/politica-de-cookies\/\"]}]},{\"@type\":\"BreadcrumbList\",\"@id\":\"https:\/\/siestamarmenorca.com\/politica-de-cookies\/#breadcrumb\",\"itemListElement\":[{\"@type\":\"ListItem\",\"position\":1,\"name\":\"Home\",\"item\":\"https:\/\/siestamarmenorca.com\/\"},{\"@type\":\"ListItem\",\"position\":2,\"name\":\"Pol\u00edtica de cookies\"}]},{\"@type\":\"WebSite\",\"@id\":\"https:\/\/siestamarmenorca.com\/#website\",\"url\":\"https:\/\/siestamarmenorca.com\/\",\"name\":\"Siesta Mar | Alquiler de apartamentos en Menorca\",\"description\":\"\",\"publisher\":{\"@id\":\"https:\/\/siestamarmenorca.com\/#organization\"},\"potentialAction\":[{\"@type\":\"SearchAction\",\"target\":{\"@type\":\"EntryPoint\",\"urlTemplate\":\"https:\/\/siestamarmenorca.com\/?s={search_term_string}\"},\"query-input\":{\"@type\":\"PropertyValueSpecification\",\"valueRequired\":true,\"valueName\":\"search_term_string\"}}],\"inLanguage\":\"de\"},{\"@type\":\"Organization\",\"@id\":\"https:\/\/siestamarmenorca.com\/#organization\",\"name\":\"Siesta Mar | Alquiler de apartamentos en Menorca\",\"url\":\"https:\/\/siestamarmenorca.com\/\",\"logo\":{\"@type\":\"ImageObject\",\"inLanguage\":\"de\",\"@id\":\"https:\/\/siestamarmenorca.com\/#\/schema\/logo\/image\/\",\"url\":\"https:\/\/www.siestamarmenorca.com\/wp-content\/uploads\/2024\/12\/favicon.png\",\"contentUrl\":\"https:\/\/www.siestamarmenorca.com\/wp-content\/uploads\/2024\/12\/favicon.png\",\"width\":500,\"height\":500,\"caption\":\"Siesta Mar | Alquiler de apartamentos en Menorca\"},\"image\":{\"@id\":\"https:\/\/siestamarmenorca.com\/#\/schema\/logo\/image\/\"},\"sameAs\":[\"https:\/\/www.facebook.com\/galdaxproperties\",\"https:\/\/instagram.com\/galdaxproperties\"]}]}<\/script>\n<!-- \/ Yoast SEO plugin. -->","yoast_head_json":{"title":"Cookie-Richtlinie | Siesta Mar","robots":{"index":"index","follow":"follow","max-snippet":"max-snippet:-1","max-image-preview":"max-image-preview:large","max-video-preview":"max-video-preview:-1"},"canonical":"https:\/\/siestamarmenorca.com\/de\/politica-de-cookies\/","og_locale":"de_DE","og_type":"article","og_title":"Pol\u00edtica de cookies | Siesta Mar","og_description":"POL\u00cdTICA DE COOKIES \u00daltima actualizaci\u00f3n: 14 de Abril de 2026. En Orfila Sternal SLU (en adelante, &#8220;Siestamar Menorca&#8221;), utilizamos cookies y tecnolog\u00edas similares para garantizar el correcto funcionamiento de nuestro sitio web y mejorar la experiencia del Usuario. A continuaci\u00f3n, explicamos qu\u00e9 son las cookies, para qu\u00e9 las usamos y c\u00f3mo puede configurarlas o desactivarlas. [&hellip;]","og_url":"https:\/\/siestamarmenorca.com\/de\/politica-de-cookies\/","og_site_name":"Siesta Mar","article_publisher":"https:\/\/www.facebook.com\/galdaxproperties","article_modified_time":"2026-04-14T11:33:22+00:00","twitter_card":"summary_large_image","twitter_misc":{"Gesch\u00e4tzte Lesezeit":"3\u00a0Minuten"},"schema":{"@context":"https:\/\/schema.org","@graph":[{"@type":"WebPage","@id":"https:\/\/siestamarmenorca.com\/politica-de-cookies\/","url":"https:\/\/siestamarmenorca.com\/politica-de-cookies\/","name":"Cookie-Richtlinie | Siesta Mar","isPartOf":{"@id":"https:\/\/siestamarmenorca.com\/#website"},"datePublished":"2024-11-26T02:36:25+00:00","dateModified":"2026-04-14T11:33:22+00:00","breadcrumb":{"@id":"https:\/\/siestamarmenorca.com\/politica-de-cookies\/#breadcrumb"},"inLanguage":"de","potentialAction":[{"@type":"ReadAction","target":["https:\/\/siestamarmenorca.com\/politica-de-cookies\/"]}]},{"@type":"BreadcrumbList","@id":"https:\/\/siestamarmenorca.com\/politica-de-cookies\/#breadcrumb","itemListElement":[{"@type":"ListItem","position":1,"name":"Home","item":"https:\/\/siestamarmenorca.com\/"},{"@type":"ListItem","position":2,"name":"Pol\u00edtica de cookies"}]},{"@type":"WebSite","@id":"https:\/\/siestamarmenorca.com\/#website","url":"https:\/\/siestamarmenorca.com\/","name":"Siesta Mar | Wohnungen zur Miete in Menorca","description":"","publisher":{"@id":"https:\/\/siestamarmenorca.com\/#organization"},"potentialAction":[{"@type":"SearchAction","target":{"@type":"EntryPoint","urlTemplate":"https:\/\/siestamarmenorca.com\/?s={search_term_string}"},"query-input":{"@type":"PropertyValueSpecification","valueRequired":true,"valueName":"search_term_string"}}],"inLanguage":"de"},{"@type":"Organization","@id":"https:\/\/siestamarmenorca.com\/#organization","name":"Siesta Mar | Wohnungen zur Miete in Menorca","url":"https:\/\/siestamarmenorca.com\/","logo":{"@type":"ImageObject","inLanguage":"de","@id":"https:\/\/siestamarmenorca.com\/#\/schema\/logo\/image\/","url":"https:\/\/www.siestamarmenorca.com\/wp-content\/uploads\/2024\/12\/favicon.png","contentUrl":"https:\/\/www.siestamarmenorca.com\/wp-content\/uploads\/2024\/12\/favicon.png","width":500,"height":500,"caption":"Siesta Mar | Alquiler de apartamentos en Menorca"},"image":{"@id":"https:\/\/siestamarmenorca.com\/#\/schema\/logo\/image\/"},"sameAs":["https:\/\/www.facebook.com\/galdaxproperties","https:\/\/instagram.com\/galdaxproperties"]}]}},"_links":{"self":[{"href":"https:\/\/siestamarmenorca.com\/de\/wp-json\/wp\/v2\/pages\/6882","targetHints":{"allow":["GET"]}}],"collection":[{"href":"https:\/\/siestamarmenorca.com\/de\/wp-json\/wp\/v2\/pages"}],"about":[{"href":"https:\/\/siestamarmenorca.com\/de\/wp-json\/wp\/v2\/types\/page"}],"author":[{"embeddable":true,"href":"https:\/\/siestamarmenorca.com\/de\/wp-json\/wp\/v2\/users\/2"}],"replies":[{"embeddable":true,"href":"https:\/\/siestamarmenorca.com\/de\/wp-json\/wp\/v2\/comments?post=6882"}],"version-history":[{"count":20,"href":"https:\/\/siestamarmenorca.com\/de\/wp-json\/wp\/v2\/pages\/6882\/revisions"}],"predecessor-version":[{"id":23551,"href":"https:\/\/siestamarmenorca.com\/de\/wp-json\/wp\/v2\/pages\/6882\/revisions\/23551"}],"wp:attachment":[{"href":"https:\/\/siestamarmenorca.com\/de\/wp-json\/wp\/v2\/media?parent=6882"}],"curies":[{"name":"wp","href":"https:\/\/api.w.org\/{rel}","templated":true}]}}