{"id":5285,"date":"2021-07-18T08:05:02","date_gmt":"2021-07-18T08:05:02","guid":{"rendered":"https:\/\/nuss.uxper.co\/luxury-resort\/?page_id=5285"},"modified":"2026-04-14T12:32:17","modified_gmt":"2026-04-14T11:32:17","slug":"politica-de-privacidad","status":"publish","type":"page","link":"https:\/\/siestamarmenorca.com\/de\/politica-de-privacidad\/","title":{"rendered":"Datenschutzerkl\u00e4rung"},"content":{"rendered":"<div data-elementor-type=\"wp-page\" data-elementor-id=\"5285\" class=\"elementor elementor-5285\">\n\t\t\t\t\t\t<section class=\"elementor-section elementor-top-section elementor-element elementor-element-8fef7a3 elementor-section-boxed elementor-section-gap-beside-yes elementor-section-height-default elementor-section-height-default elementor-section-content-align-center elementor-section-column-vertical-align-stretch\" data-id=\"8fef7a3\" data-element_type=\"section\" data-e-type=\"section\">\n\t\t\t\t\t\t<div class=\"elementor-container elementor-column-gap-extended\">\n\t\t\t\t\t<div class=\"elementor-column elementor-col-100 elementor-top-column elementor-element elementor-element-46d479c8\" data-id=\"46d479c8\" data-element_type=\"column\" data-e-type=\"column\">\n\t\t\t<div class=\"elementor-widget-wrap elementor-element-populated\">\n\t\t\t\t\t\t<div class=\"elementor-element elementor-element-1d284f1 elementor-widget__width-initial elementor-widget elementor-widget-heading\" data-id=\"1d284f1\" data-element_type=\"widget\" data-e-type=\"widget\" data-widget_type=\"heading.default\">\n\t\t\t\t<div class=\"elementor-widget-container\">\n\t\t\t\t\t<h2 class=\"elementor-heading-title elementor-size-default\">DATENSCHUTZERKL\u00c4RUNG<\/h2>\t\t\t\t<\/div>\n\t\t\t\t<\/div>\n\t\t\t\t<div class=\"elementor-element elementor-element-6653384d elementor-widget elementor-widget-text-editor\" data-id=\"6653384d\" data-element_type=\"widget\" data-e-type=\"widget\" data-widget_type=\"text-editor.default\">\n\t\t\t\t<div class=\"elementor-widget-container\">\n\t\t\t\t\t\t\t\t\t<p>\u00daltima actualizaci\u00f3n: 14 de Abril de 2026.<br \/><br \/>In <b>Orfila Sternal SLU<\/b> (en adelante, &#8220;Siestamar Menorca&#8221;), con NIF <b>B07717432<\/b>wir verpflichten uns zum Schutz der Privatsph\u00e4re unserer Nutzer. Diese Datenschutzerkl\u00e4rung beschreibt, wie wir sammeln, verwenden und sch\u00fctzen Ihre pers\u00f6nlichen Daten im Zusammenhang mit der Nutzung unserer website und Dienste, touristischen Unterk\u00fcnfte.<\/p><ol><li><span style=\"text-decoration: underline;\"><b> VERANTWORTLICH F\u00dcR DIE BEHANDLUNG<\/b><\/span><\/li><\/ol><p>Der verantwortliche f\u00fcr die Verarbeitung Ihrer personenbezogenen Daten ist <b>Orfila Sternal SLU<\/b>, NIF <b>B07717432<\/b>. Sie k\u00f6nnen Kontaktieren Sie uns per e-mail <a href=\"mailto:hello@siestamarmenorca.com\">hello@siestamarmenorca.com<\/a>.<\/p><ol start=\"2\"><li><span style=\"text-decoration: underline;\"><b> PERS\u00d6NLICHE DATEN, DIE WIR SAMMELN<\/b><\/span><\/li><\/ol><p>Wir erfassen die folgenden Arten personenbezogener Daten:<\/p><ul><li style=\"font-weight: 400;\" aria-level=\"1\"><b>Identification data<\/b>: first name, last name, ID\/passport.<\/li><li style=\"font-weight: 400;\" aria-level=\"1\"><b>Kontaktdaten<\/b>: e-mail-Adresse.<\/li><li style=\"font-weight: 400;\" aria-level=\"1\"><b>Transaktions-Daten<\/b>: information f\u00fcr Zahlungen und Buchungen, die Sie vorgenommen haben.<\/li><li style=\"font-weight: 400;\" aria-level=\"1\"><b>Browsing-Daten<\/b>: IP-Adresse, cookies, Browser-Verlauf auf unserer website.<\/li><li style=\"font-weight: 400;\" aria-level=\"1\"><b>Benutzer-Einstellungen<\/b>: details \u00fcber Ihre wohnpr\u00e4ferenzen.<\/li><\/ul><ol start=\"3\"><li><span style=\"text-decoration: underline;\"><b> ZWECK DER BEHANDLUNG<\/b><\/span><\/li><\/ol><p>Wir sammeln und behandeln Ihre personenbezogenen Daten f\u00fcr folgende Zwecke:<\/p><ul><li style=\"font-weight: 400;\" aria-level=\"1\">Verwalten und Formalisierung der Buchung von touristischen Unterk\u00fcnften.<\/li><li style=\"font-weight: 400;\" aria-level=\"1\">Zu erleichtern die sichere Zahlung und Rechnungsstellung.<\/li><li style=\"font-weight: 400;\" aria-level=\"1\">Antworten auf Anfragen oder Anfragen nach Informationen.<\/li><li style=\"font-weight: 400;\" aria-level=\"1\">Die Einhaltung der gesetzlichen Verpflichtungen (Fakturierung -, Regulierungs -, Schreibtisch).<\/li><li style=\"font-weight: 400;\" aria-level=\"1\">Verbesserung der user experience durch die Analyse der browsing-Daten.<\/li><li style=\"font-weight: 400;\" aria-level=\"1\">Die Zusendung der kommerziellen Mitteilungen, - Aktionen oder news zu unseren Dienstleistungen, immer mit Ihrer Einwilligung.<\/li><\/ul><ol start=\"4\"><li><span style=\"text-decoration: underline;\"><b> POLITIK-NEWSLETTER<\/b><\/span><\/li><\/ol><p>Si se suscribe a nuestra newsletter, trataremos su direcci\u00f3n de correo electr\u00f3nico con la \u00fanica finalidad de enviarle informaci\u00f3n sobre promociones, novedades y noticias relacionadas con los servicios de Siestamar Menorca.<\/p><p>Rechtsgrundlage f\u00fcr die Verarbeitung der Daten f\u00fcr den newsletter<br \/>Der Verarbeitung Ihrer Daten f\u00fcr den Versand des Newsletters basiert auf Ihrer Einwilligung in die Zeit des Abonnements. Sie k\u00f6nnen jederzeit zur\u00fcckziehen, der Einwilligung, ohne die Rechtm\u00e4\u00dfigkeit der Verarbeitung erfolgt zuvor.<\/p><p>Die Rechte der opposition und dem newsletter<br \/>Wenn Sie nicht l\u00e4nger newsletter von uns erhalten m\u00f6chten, k\u00f6nnen Sie:<\/p><p>Klicken Sie auf den link &#034;Abmelden&#034; findest du in der Fu\u00dfzeile jeder E-Mail.<br \/>Senden Sie eine E-Mail an <a href=\"mailto:hello@siestamarmenorca.com\">hello@siestamarmenorca.com<\/a> die Angabe in der Betreffzeile &#034;newsletter Abbestellen&#034;.<br \/>Nach dem auftragen auf den Boden, Ihre Daten aus unserer Datenbank gel\u00f6scht werden Teilnehmer innerhalb einer Frist von maximal 48 Stunden.<\/p><ol start=\"5\"><li><span style=\"text-decoration: underline;\"><b> RECHTSGRUNDLAGE F\u00dcR DIE VERARBEITUNG<\/b><\/span><\/li><\/ol><p>Die Verarbeitung Ihrer Daten beruht auf den folgenden Begr\u00fcndungen:<\/p><ul><li style=\"font-weight: 400;\" aria-level=\"1\"><b>Erf\u00fcllung eines Vertrags<\/b>: verwalten Sie Ihre Buchungen und vertraglich vereinbarten Leistungen.<\/li><li style=\"font-weight: 400;\" aria-level=\"1\"><b>Einhaltung rechtlicher Verpflichtungen.<\/b>: wie Steuerrecht oder auf den Schreibtisch.<\/li><li style=\"font-weight: 400;\" aria-level=\"1\"><b>Zustimmung<\/b>: f\u00fcr das senden von kommerzieller Kommunikation.<\/li><li style=\"font-weight: 400;\" aria-level=\"1\"><b>Berechtigtes Interesse<\/b>: zur Verbesserung unserer services und die Gew\u00e4hrleistung der Sicherheit der Plattform.<\/li><\/ul><ol start=\"6\"><li><span style=\"text-decoration: underline;\"><b> EMPF\u00c4NGER DER DATEN<\/b><\/span><\/li><\/ol><p>Ihre pers\u00f6nlichen Daten werden nicht an Dritte weitergegeben, au\u00dfer in den folgenden F\u00e4llen:<\/p><ul><li style=\"font-weight: 400;\" aria-level=\"1\">Anbieter von Dienstleistungen f\u00fcr die Verwaltung der Buchungen (z.B. Zahlungs-gateways).<\/li><li style=\"font-weight: 400;\" aria-level=\"1\">Einhaltung von rechtlichen Verpflichtungen, wie die Anforderungen der Verwaltungs-oder Justizbeh\u00f6rden.<\/li><li style=\"font-weight: 400;\" aria-level=\"1\">Externe Mitarbeiter unter strengen Vertraulichkeitsvereinbarungen.<\/li><\/ul><ol start=\"7\"><li><span style=\"text-decoration: underline;\"><b> INTERNATIONALE DATEN\u00dcBERTRAGUNGEN<\/b><\/span><\/li><\/ol><p>Grunds\u00e4tzlich werden Ihre personenbezogenen Daten verarbeitet innerhalb des europ\u00e4ischen Wirtschaftsraums (EWR). Bei internationalen Zahlungen wir garantieren die Einhaltung der jeweils geltenden Vorschriften, wie z.B. die Annahme von Standardvertragsklauseln, die von der europ\u00e4ischen Kommission genehmigt.<\/p><ol start=\"8\"><li><span style=\"text-decoration: underline;\"><b> ZEITRAUM DER ERHALTUNG DER DATEN<\/b><\/span><\/li><\/ol><p>Die pers\u00f6nlichen Daten werden aufbewahrt f\u00fcr die Zeit, die notwendig zur Erf\u00fcllung der in diesen Richtlinien dargelegten Zwecke. Insbesondere:<\/p><ul><li style=\"font-weight: 400;\" aria-level=\"1\"><b>Daten f\u00fcr Buchungen<\/b>: gehalten werden f\u00fcr die Zeit notwendig, um den Dienst und w\u00e4hrend der Zeit erforderlich durch die Steuergesetzgebung.<\/li><li style=\"font-weight: 400;\" aria-level=\"1\"><b>Kontaktdaten f\u00fcr kommerzielle Zwecke<\/b>:, bis Sie Ihre Einwilligung widerrufen oder verlangen, deren L\u00f6schung.<\/li><\/ul><ol start=\"9\"><li><span style=\"text-decoration: underline;\"><b> BENUTZER-RECHTE<\/b><\/span><\/li><\/ol><p>Sie haben das Recht:<\/p><ul><li style=\"font-weight: 400;\" aria-level=\"1\">Zugang zu Ihren pers\u00f6nlichen Daten.<\/li><li style=\"font-weight: 400;\" aria-level=\"1\">Berichtigung unrichtiger oder unvollst\u00e4ndiger Daten.<\/li><li style=\"font-weight: 400;\" aria-level=\"1\">Um die L\u00f6schung der Daten, sobald Sie nicht mehr ben\u00f6tigt werden.<\/li><li style=\"font-weight: 400;\" aria-level=\"1\">Einschr\u00e4nken der Verarbeitung Ihrer Daten unter bestimmten Umst\u00e4nden.<\/li><li style=\"font-weight: 400;\" aria-level=\"1\">Widerspruch gegen die Verarbeitung, insbesondere f\u00fcr kommerzielle Zwecke.<\/li><li style=\"font-weight: 400;\" aria-level=\"1\">Anfrage f\u00fcr die \u00fcbertragbarkeit Ihrer Daten an einen anderen Daten-controller.<\/li><\/ul><p>Um Ihre Rechte wahrzunehmen, k\u00f6nnen Sie einen Antrag auf <a href=\"mailto:hello@siestamarmenorca.com\">hello@siestamarmenorca.com<\/a>begleitet von einer Kopie eines g\u00fcltigen ausweisdokumentes.<\/p><ol start=\"10\"><li><span style=\"text-decoration: underline;\"><b> COOKIES UND \u00c4HNLICHE TECHNOLOGIEN<\/b><\/span><\/li><\/ol><p>Wir verwenden cookies und \u00e4hnliche Technologien, um die Benutzerfreundlichkeit zu verbessern und zur analyse der Benutzung der website erm\u00f6glicht. Weitere Informationen finden Sie in unserer <a href=\"\/de\/politica-de-cookies\/\">Cookie-Richtlinie<\/a>.<\/p><ol start=\"11\"><li><span style=\"text-decoration: underline;\"><b> SICHERHEIT DER DATEN<\/b><\/span><\/li><\/ol><p>En Siestamar Menorca adoptamos las medidas t\u00e9cnicas y organizativas necesarias para proteger sus datos personales frente a accesos no autorizados, alteraciones, p\u00e9rdidas o destrucci\u00f3n.<\/p><ol start=\"12\"><li><span style=\"text-decoration: underline;\"><b> \u00c4NDERUNGEN AN DIESER DATENSCHUTZERKL\u00c4RUNG<\/b><\/span><\/li><\/ol><p>Wir behalten uns das Recht vor, diese Datenschutzrichtlinie zu aktualisieren, jederzeit. \u00c4nderungen werden auf dieser Seite ver\u00f6ffentlicht, mit Angabe des Datums der letzten Aktualisierung.<\/p><p>Wenn Sie Fragen oder Bedenken zu dieser Datenschutzrichtlinie haben, z\u00f6gern Sie nicht und schreiben Sie uns an <a href=\"mailto:hello@siestamarmenorca.com\">hello@siestamarmenorca.com<\/a>.<\/p>\t\t\t\t\t\t\t\t<\/div>\n\t\t\t\t<\/div>\n\t\t\t\t\t<\/div>\n\t\t<\/div>\n\t\t\t\t\t<\/div>\n\t\t<\/section>\n\t\t\t\t<\/div>","protected":false},"excerpt":{"rendered":"<p>POL\u00cdTICA DE PRIVACIDAD \u00daltima actualizaci\u00f3n: 14 de Abril de 2026. En Orfila Sternal SLU (en adelante, &#8220;Siestamar Menorca&#8221;), con NIF B07717432, nos comprometemos a proteger la privacidad de nuestros usuarios. Esta pol\u00edtica de privacidad describe c\u00f3mo recopilamos, utilizamos y protegemos sus datos personales en relaci\u00f3n con el uso de nuestro sitio web y servicios de [&hellip;]<\/p>\n","protected":false},"author":2,"featured_media":0,"parent":0,"menu_order":0,"comment_status":"closed","ping_status":"closed","template":"","meta":{"footnotes":""},"class_list":["post-5285","page","type-page","status-publish","hentry","post-no-thumbnail"],"yoast_head":"<!-- This site is optimized with the Yoast SEO plugin v27.2 - https:\/\/yoast.com\/product\/yoast-seo-wordpress\/ -->\n<title>Pol\u00edtica de privacidad | Siesta Mar<\/title>\n<meta name=\"robots\" content=\"index, follow, max-snippet:-1, max-image-preview:large, max-video-preview:-1\" \/>\n<link rel=\"canonical\" href=\"https:\/\/siestamarmenorca.com\/de\/politica-de-privacidad\/\" \/>\n<meta property=\"og:locale\" content=\"de_DE\" \/>\n<meta property=\"og:type\" content=\"article\" \/>\n<meta property=\"og:title\" content=\"Pol\u00edtica de privacidad | Siesta Mar\" \/>\n<meta property=\"og:description\" content=\"POL\u00cdTICA DE PRIVACIDAD \u00daltima actualizaci\u00f3n: 14 de Abril de 2026. En Orfila Sternal SLU (en adelante, &#8220;Siestamar Menorca&#8221;), con NIF B07717432, nos comprometemos a proteger la privacidad de nuestros usuarios. Esta pol\u00edtica de privacidad describe c\u00f3mo recopilamos, utilizamos y protegemos sus datos personales en relaci\u00f3n con el uso de nuestro sitio web y servicios de [&hellip;]\" \/>\n<meta property=\"og:url\" content=\"https:\/\/siestamarmenorca.com\/de\/politica-de-privacidad\/\" \/>\n<meta property=\"og:site_name\" content=\"Siesta Mar\" \/>\n<meta property=\"article:publisher\" content=\"https:\/\/www.facebook.com\/galdaxproperties\" \/>\n<meta property=\"article:modified_time\" content=\"2026-04-14T11:32:17+00:00\" \/>\n<meta name=\"twitter:card\" content=\"summary_large_image\" \/>\n<meta name=\"twitter:label1\" content=\"Gesch\u00e4tzte Lesezeit\" \/>\n\t<meta name=\"twitter:data1\" content=\"4\u00a0Minuten\" \/>\n<script type=\"application\/ld+json\" class=\"yoast-schema-graph\">{\"@context\":\"https:\/\/schema.org\",\"@graph\":[{\"@type\":\"WebPage\",\"@id\":\"https:\/\/siestamarmenorca.com\/politica-de-privacidad\/\",\"url\":\"https:\/\/siestamarmenorca.com\/politica-de-privacidad\/\",\"name\":\"Pol\u00edtica de privacidad | Siesta Mar\",\"isPartOf\":{\"@id\":\"https:\/\/siestamarmenorca.com\/#website\"},\"datePublished\":\"2021-07-18T08:05:02+00:00\",\"dateModified\":\"2026-04-14T11:32:17+00:00\",\"breadcrumb\":{\"@id\":\"https:\/\/siestamarmenorca.com\/politica-de-privacidad\/#breadcrumb\"},\"inLanguage\":\"de\",\"potentialAction\":[{\"@type\":\"ReadAction\",\"target\":[\"https:\/\/siestamarmenorca.com\/politica-de-privacidad\/\"]}]},{\"@type\":\"BreadcrumbList\",\"@id\":\"https:\/\/siestamarmenorca.com\/politica-de-privacidad\/#breadcrumb\",\"itemListElement\":[{\"@type\":\"ListItem\",\"position\":1,\"name\":\"Home\",\"item\":\"https:\/\/siestamarmenorca.com\/\"},{\"@type\":\"ListItem\",\"position\":2,\"name\":\"Pol\u00edtica de privacidad\"}]},{\"@type\":\"WebSite\",\"@id\":\"https:\/\/siestamarmenorca.com\/#website\",\"url\":\"https:\/\/siestamarmenorca.com\/\",\"name\":\"Siesta Mar | Alquiler de apartamentos en Menorca\",\"description\":\"\",\"publisher\":{\"@id\":\"https:\/\/siestamarmenorca.com\/#organization\"},\"potentialAction\":[{\"@type\":\"SearchAction\",\"target\":{\"@type\":\"EntryPoint\",\"urlTemplate\":\"https:\/\/siestamarmenorca.com\/?s={search_term_string}\"},\"query-input\":{\"@type\":\"PropertyValueSpecification\",\"valueRequired\":true,\"valueName\":\"search_term_string\"}}],\"inLanguage\":\"de\"},{\"@type\":\"Organization\",\"@id\":\"https:\/\/siestamarmenorca.com\/#organization\",\"name\":\"Siesta Mar | Alquiler de apartamentos en Menorca\",\"url\":\"https:\/\/siestamarmenorca.com\/\",\"logo\":{\"@type\":\"ImageObject\",\"inLanguage\":\"de\",\"@id\":\"https:\/\/siestamarmenorca.com\/#\/schema\/logo\/image\/\",\"url\":\"https:\/\/www.siestamarmenorca.com\/wp-content\/uploads\/2024\/12\/favicon.png\",\"contentUrl\":\"https:\/\/www.siestamarmenorca.com\/wp-content\/uploads\/2024\/12\/favicon.png\",\"width\":500,\"height\":500,\"caption\":\"Siesta Mar | Alquiler de apartamentos en Menorca\"},\"image\":{\"@id\":\"https:\/\/siestamarmenorca.com\/#\/schema\/logo\/image\/\"},\"sameAs\":[\"https:\/\/www.facebook.com\/galdaxproperties\",\"https:\/\/instagram.com\/galdaxproperties\"]}]}<\/script>\n<!-- \/ Yoast SEO plugin. -->","yoast_head_json":{"title":"Privacy policy | Siesta Mar","robots":{"index":"index","follow":"follow","max-snippet":"max-snippet:-1","max-image-preview":"max-image-preview:large","max-video-preview":"max-video-preview:-1"},"canonical":"https:\/\/siestamarmenorca.com\/de\/politica-de-privacidad\/","og_locale":"de_DE","og_type":"article","og_title":"Pol\u00edtica de privacidad | Siesta Mar","og_description":"POL\u00cdTICA DE PRIVACIDAD \u00daltima actualizaci\u00f3n: 14 de Abril de 2026. En Orfila Sternal SLU (en adelante, &#8220;Siestamar Menorca&#8221;), con NIF B07717432, nos comprometemos a proteger la privacidad de nuestros usuarios. Esta pol\u00edtica de privacidad describe c\u00f3mo recopilamos, utilizamos y protegemos sus datos personales en relaci\u00f3n con el uso de nuestro sitio web y servicios de [&hellip;]","og_url":"https:\/\/siestamarmenorca.com\/de\/politica-de-privacidad\/","og_site_name":"Siesta Mar","article_publisher":"https:\/\/www.facebook.com\/galdaxproperties","article_modified_time":"2026-04-14T11:32:17+00:00","twitter_card":"summary_large_image","twitter_misc":{"Gesch\u00e4tzte Lesezeit":"4\u00a0Minuten"},"schema":{"@context":"https:\/\/schema.org","@graph":[{"@type":"WebPage","@id":"https:\/\/siestamarmenorca.com\/politica-de-privacidad\/","url":"https:\/\/siestamarmenorca.com\/politica-de-privacidad\/","name":"Privacy policy | Siesta Mar","isPartOf":{"@id":"https:\/\/siestamarmenorca.com\/#website"},"datePublished":"2021-07-18T08:05:02+00:00","dateModified":"2026-04-14T11:32:17+00:00","breadcrumb":{"@id":"https:\/\/siestamarmenorca.com\/politica-de-privacidad\/#breadcrumb"},"inLanguage":"de","potentialAction":[{"@type":"ReadAction","target":["https:\/\/siestamarmenorca.com\/politica-de-privacidad\/"]}]},{"@type":"BreadcrumbList","@id":"https:\/\/siestamarmenorca.com\/politica-de-privacidad\/#breadcrumb","itemListElement":[{"@type":"ListItem","position":1,"name":"Home","item":"https:\/\/siestamarmenorca.com\/"},{"@type":"ListItem","position":2,"name":"Pol\u00edtica de privacidad"}]},{"@type":"WebSite","@id":"https:\/\/siestamarmenorca.com\/#website","url":"https:\/\/siestamarmenorca.com\/","name":"Siesta Mar | Wohnungen zur Miete in Menorca","description":"","publisher":{"@id":"https:\/\/siestamarmenorca.com\/#organization"},"potentialAction":[{"@type":"SearchAction","target":{"@type":"EntryPoint","urlTemplate":"https:\/\/siestamarmenorca.com\/?s={search_term_string}"},"query-input":{"@type":"PropertyValueSpecification","valueRequired":true,"valueName":"search_term_string"}}],"inLanguage":"de"},{"@type":"Organization","@id":"https:\/\/siestamarmenorca.com\/#organization","name":"Siesta Mar | Wohnungen zur Miete in Menorca","url":"https:\/\/siestamarmenorca.com\/","logo":{"@type":"ImageObject","inLanguage":"de","@id":"https:\/\/siestamarmenorca.com\/#\/schema\/logo\/image\/","url":"https:\/\/www.siestamarmenorca.com\/wp-content\/uploads\/2024\/12\/favicon.png","contentUrl":"https:\/\/www.siestamarmenorca.com\/wp-content\/uploads\/2024\/12\/favicon.png","width":500,"height":500,"caption":"Siesta Mar | Alquiler de apartamentos en Menorca"},"image":{"@id":"https:\/\/siestamarmenorca.com\/#\/schema\/logo\/image\/"},"sameAs":["https:\/\/www.facebook.com\/galdaxproperties","https:\/\/instagram.com\/galdaxproperties"]}]}},"_links":{"self":[{"href":"https:\/\/siestamarmenorca.com\/de\/wp-json\/wp\/v2\/pages\/5285","targetHints":{"allow":["GET"]}}],"collection":[{"href":"https:\/\/siestamarmenorca.com\/de\/wp-json\/wp\/v2\/pages"}],"about":[{"href":"https:\/\/siestamarmenorca.com\/de\/wp-json\/wp\/v2\/types\/page"}],"author":[{"embeddable":true,"href":"https:\/\/siestamarmenorca.com\/de\/wp-json\/wp\/v2\/users\/2"}],"replies":[{"embeddable":true,"href":"https:\/\/siestamarmenorca.com\/de\/wp-json\/wp\/v2\/comments?post=5285"}],"version-history":[{"count":39,"href":"https:\/\/siestamarmenorca.com\/de\/wp-json\/wp\/v2\/pages\/5285\/revisions"}],"predecessor-version":[{"id":23548,"href":"https:\/\/siestamarmenorca.com\/de\/wp-json\/wp\/v2\/pages\/5285\/revisions\/23548"}],"wp:attachment":[{"href":"https:\/\/siestamarmenorca.com\/de\/wp-json\/wp\/v2\/media?parent=5285"}],"curies":[{"name":"wp","href":"https:\/\/api.w.org\/{rel}","templated":true}]}}